{"id":4683,"date":"2022-11-04T19:52:42","date_gmt":"2022-11-04T14:22:42","guid":{"rendered":"https:\/\/www.renasl.org\/?page_id=4683"},"modified":"2022-11-13T17:55:37","modified_gmt":"2022-11-13T12:25:37","slug":"cookies","status":"publish","type":"page","link":"https:\/\/www.renasl.org\/fr\/cookies\/","title":{"rendered":"Politique de cookies"},"content":{"rendered":"<p>[vc_row][vc_column][vc_column_text]<\/p>\n<ol>\n<li><strong> D\u00e9finitions<\/strong><\/li>\n<\/ol>\n<p>Les cookies sont des informations d\u00e9pos\u00e9es dans l\u2019\u00e9quipement terminal d\u2019un utilisateur par le serveur du site internet visit\u00e9. Ils sont utilis\u00e9s par un site internet pour envoyer des informations au navigateur de l\u2019utilisateur et permettre \u00e0 ce navigateur de renvoyer des informations au site d\u2019origine (par exemple un identifiant de session ou le choix d\u2019une langue).<\/p>\n<p>Seul l\u2019\u00e9metteur d\u2019un cookie peut lire ou modifier les informations qui y sont contenues.<\/p>\n<p>Il existe diff\u00e9rents types de cookies :<\/p>\n<ul>\n<li><strong>Cookies analytiques : <\/strong>Ces cookies collectent des informations pour permettre aux plateformes ou sites web d&rsquo;\u00e9valuer la fa\u00e7on dont ils sont utilis\u00e9s par les utilisateurs et leur activit\u00e9 en g\u00e9n\u00e9ral, ainsi que pour regrouper des donn\u00e9es statistiques. Les cookies analytiques mesurent et recueillent des donn\u00e9es de la Plateforme (visites, param\u00e8tres de trafic, clics, pages consult\u00e9es, etc.) pour comprendre comment elle est utilis\u00e9e et l&rsquo;optimiser.<\/li>\n<li><strong>Cookies sociaux : <\/strong>Ces cookies sont n\u00e9cessaires pour g\u00e9rer les r\u00e9seaux sociaux externes (Facebook, Google, Twitter, Pinterest, etc.). Leur fonction est de contr\u00f4ler l&rsquo;interaction avec les widgets sociaux au sein d&rsquo;une page web ou d&rsquo;une plateforme.<\/li>\n<li><strong>Cookies techniques : <\/strong>Ces cookies sont strictement n\u00e9cessaires \u00e0 la fonctionnalit\u00e9 et l&rsquo;utilisabilit\u00e9 des sites web et des plateformes, en permettant \u00e0 l&rsquo;utilisateur d&rsquo;y naviguer et d&rsquo;utiliser leurs diff\u00e9rents services et options.<\/li>\n<li><strong>Cookies publicitaires et cookies comportementaux : <\/strong>Ils recueillent des informations sur les habitudes de navigation de l&rsquo;utilisateur et son comportement afin d&rsquo;identifier ses pr\u00e9f\u00e9rences, ses centres d&rsquo;int\u00e9r\u00eat et ses habitudes sur une plateforme sp\u00e9cifique. Ces cookies permettent d&rsquo;adapter le contenu publicitaire en fonction de l&rsquo;analyse des habitudes de navigation de l&rsquo;utilisateur et en d\u00e9terminant ses caract\u00e9ristiques propres comme la localisation, la tranche d&rsquo;\u00e2ge et le genre.<\/li>\n<li><strong>Cookies de personnalisation : <\/strong>Ils permettent aux sites web ou aux plateformes d&rsquo;enregistrer certaines pr\u00e9f\u00e9rences (par exemple, la langue, le pays, la configuration r\u00e9gionale, etc.) pr\u00e9d\u00e9finies par l&rsquo;utilisateur lors de sa premi\u00e8re visite (et ses visites ult\u00e9rieures) de la Plateforme.<\/li>\n<li><strong>Cookies de tiers : <\/strong>Les cookies de tiers appartiennent \u00e0 des tiers et sont utilis\u00e9s par les sites web ou les plateformes afin de g\u00e9rer et am\u00e9liorer le contenu et les services propos\u00e9s par ces tiers.<\/li>\n<\/ul>\n<p>Vous \u00eates inform\u00e9 que, lors de vos visites sur ce site internet : <a href=\"https:\/\/www.renasl.org\/\">Renaissance Sri Lanka (renasl.org)<\/a><\/p>\n<p>(ci-apr\u00e8s le \u00ab Site \u00bb), des cookies peuvent \u00eatre install\u00e9s sur votre \u00e9quipement terminal.<\/p>\n<ol start=\"2\">\n<li><strong> Finalit\u00e9s des cookies utilis\u00e9s<\/strong><\/li>\n<\/ol>\n<p>Les cookies utilis\u00e9s sur le Site sont strictement n\u00e9cessaires \u00e0 la navigation, \u00e0 la fourniture des services et \u00e0 la personnalisation des \u00e9l\u00e9ments du Site (pr\u00e9f\u00e9rences d\u2019affichage \u00e0 l\u2019\u00e9cran, reconnaissance des identifiants, etc.).<\/p>\n<p>Ainsi, pour am\u00e9liorer votre exp\u00e9rience et son service, Renaissance Sri Lanka utilise ses propres cookies qui peuvent \u00eatre class\u00e9s comme suit selon leur finalit\u00e9 :<\/p>\n<ul>\n<li><strong>Cookies techniques : <\/strong>Ils sont utilis\u00e9s pour garantir une bonne communication entre l&rsquo;\u00e9quipement de l&rsquo;utilisateur et le r\u00e9seau, et interviennent dans des fonctions destin\u00e9es notamment \u00e0 identifier la session de l&rsquo;utilisateur, \u00e0 d\u00e9terminer si l&rsquo;utilisateur utilise le serveur d&rsquo;application, \u00e0 l&rsquo;acc\u00e8s \u00e0 son compte et \u00e0 utiliser des \u00e9l\u00e9ments de s\u00e9curit\u00e9.<\/li>\n<li><strong>Cookies de personnalisation : <\/strong>Ils sont utilis\u00e9s pour identifier l&rsquo;utilisateur au sein de la Plateforme et lui permettre d&rsquo;y acc\u00e9der avec ses caract\u00e9ristiques pr\u00e9d\u00e9finies, comme la langue de pr\u00e9f\u00e9rence de la Plateforme, son acceptation de la politique de cookies et d&rsquo;autres services.<\/li>\n<\/ul>\n<p>&nbsp;<\/p>\n<ol start=\"3\">\n<li><strong> Quels cookies utilisons-nous ?<\/strong><\/li>\n<\/ol>\n<p>Les cookies d\u00e9pos\u00e9s sur le Site sont d\u00e9taill\u00e9s dans le tableau ci-dessous :<\/p>\n<table>\n<tbody>\n<tr>\n<td width=\"125\"><strong>Type de Cookie <\/strong><\/td>\n<td width=\"125\"><strong>Nom<\/strong><\/td>\n<td width=\"125\"><strong>Contient<\/strong><\/td>\n<td width=\"125\"><strong>Utilisation<\/strong><\/td>\n<td width=\"125\"><strong>Dur\u00e9e de vie <\/strong><\/td>\n<\/tr>\n<tr>\n<td width=\"125\">Google Analytics<\/td>\n<td width=\"125\">_ga*<\/td>\n<td width=\"125\">Session ID<\/td>\n<td width=\"125\">Suivre le contenu du site et l&rsquo;utilisation par les visiteurs<\/td>\n<td width=\"125\">40 jours<\/td>\n<\/tr>\n<tr>\n<td width=\"125\">WordPress Charitable Plugin<\/td>\n<td width=\"125\">charitable_session<\/td>\n<td width=\"125\">Session ID<\/td>\n<td width=\"125\">Suivre la session utilisateur du site Web pour le plug-in, qui est n\u00e9cessaire pour ex\u00e9cuter le site Web. Aucune fonctionnalit\u00e9 de plug-in caritatif (telle que les dons, les campagnes, etc.) n&rsquo;est actuellement utilis\u00e9e.<\/td>\n<td width=\"125\">24 heures<\/td>\n<\/tr>\n<tr>\n<td width=\"125\">Stripe<\/td>\n<td width=\"125\">__stripe_mid<\/td>\n<td width=\"125\">Session ID<\/td>\n<td width=\"125\">Suivre la session du site Web pour le formulaire de don Stripe<\/td>\n<td width=\"125\">14 jours<\/td>\n<\/tr>\n<tr>\n<td width=\"125\">Stripe<\/td>\n<td width=\"125\">__stripe_mid<\/td>\n<td width=\"125\">Merchant ID<\/td>\n<td width=\"125\">Suivre l&rsquo;ID du marchand pour les dons Stripe<\/td>\n<td width=\"125\">14 jours<\/td>\n<\/tr>\n<tr>\n<td width=\"125\">WordPress<\/td>\n<td width=\"125\">wordpress_test_cookie<\/td>\n<td width=\"125\">Test Text String<\/td>\n<td width=\"125\">Pour v\u00e9rifier si les cookies sont activ\u00e9s<\/td>\n<td width=\"125\">Jusqu&rsquo;\u00e0 ce que le navigateur soit ferm\u00e9<\/td>\n<\/tr>\n<tr>\n<td width=\"125\">WordPress<\/td>\n<td width=\"125\">wordpress_logged_in*<\/td>\n<td width=\"125\">Current Session Data, encrypted<\/td>\n<td width=\"125\">Pour identifier l&rsquo;utilisateur connect\u00e9<\/td>\n<td width=\"125\">14 jours<\/td>\n<\/tr>\n<tr>\n<td width=\"125\">WordPress<\/td>\n<td width=\"125\">wordpress_sec*<\/td>\n<td width=\"125\">Current Session Data, encrypted<\/td>\n<td width=\"125\">Pour prot\u00e9ger contre les attaques malveillantes<\/td>\n<td width=\"125\">14 jours<\/td>\n<\/tr>\n<tr>\n<td width=\"125\">WordPress WPML Plugin<\/td>\n<td width=\"125\">wp-wpml_current_language<\/td>\n<td width=\"125\">Language ID (en, fr, etc.)<\/td>\n<td width=\"125\">Langue favorite retenue<\/td>\n<td width=\"125\">24 heures<\/td>\n<\/tr>\n<tr>\n<td width=\"125\">WordPress WPML Plugin<\/td>\n<td width=\"125\">wp-wpml_current_admin_language<\/td>\n<td width=\"125\">Language ID (en, fr, etc.)<\/td>\n<td width=\"125\">Langue favorite retenue pour les internautes<\/td>\n<td width=\"125\">24 heures<\/td>\n<\/tr>\n<tr>\n<td width=\"125\">Donation Data<\/td>\n<td width=\"125\">Fname,donate_amount, currency,donate_freq<\/td>\n<td width=\"125\">D\u00e9tails de la donation<\/td>\n<td width=\"125\">Pour suivre les donn\u00e9es relatives aux dons et afficher un message de remerciement.<\/td>\n<td width=\"125\">30 minutes<\/td>\n<\/tr>\n<\/tbody>\n<\/table>\n<p>&nbsp;<\/p>\n<ol start=\"4\">\n<li><strong> Protection des donn\u00e9es personnelles<\/strong><\/li>\n<\/ol>\n<p>Dans le cadre de l\u2019utilisation des cookies telle que d\u00e9crite dans le pr\u00e9sent document, Renaissance Sri Lanka traite des donn\u00e9es \u00e0 caract\u00e8re personnel vous concernant, en tant que responsable du traitement.<\/p>\n<p>Les donn\u00e9es collect\u00e9es sont indispensables pour atteindre les objectifs poursuivis par chaque cookie. Elles sont uniquement destin\u00e9es aux personnes habilit\u00e9es au sein de Renaissance Sri Lanka.<\/p>\n<p>Les donn\u00e9es \u00e0 caract\u00e8re personnel collect\u00e9es via les cookies ne sont jamais conserv\u00e9es plus longtemps que n\u00e9cessaire pour atteindre la finalit\u00e9 du cookie, et en aucun cas plus longtemps que la session de travail.<\/p>\n<p>En application des dispositions de la r\u00e8glementation sur la protection des donn\u00e9es \u00e0 caract\u00e8re personnel, les personnes disposent d\u2019un droit d\u2019interrogation, d\u2019acc\u00e8s, de rectification d\u2019effacement, d\u2019opposition pour motifs l\u00e9gitimes et de portabilit\u00e9 relativement \u00e0 l\u2019ensemble des donn\u00e9es.<\/p>\n<p>Ces droits, concernant les cookies collect\u00e9s sur le Site, peuvent \u00eatre exerc\u00e9s en \u00e9crivant \u00e0 l\u2019adresse email suivante : <img decoding=\"async\" title=\"Renaissance Sri Lanka Email Address\" src=\"\/wp-content\/images\/helloatrenasldotorg_light.png\" \/>, accompagn\u00e9 de tout \u00e9l\u00e9ment permettant de justifier de votre identit\u00e9.<\/p>\n<p>Vous pouvez \u00e9galement saisir l\u2019autorit\u00e9 comp\u00e9tente en mati\u00e8re de protection des donn\u00e9es \u00e0 caract\u00e8re personnel.<\/p>\n<p>Pour de plus amples informations sur le traitement de vos donn\u00e9es personnelles de mani\u00e8re g\u00e9n\u00e9rale vous pouvez consulter la <a href=\"\/fr\/privacy\/\">Politique de confidentialit\u00e9<\/a>.[\/vc_column_text][\/vc_column][\/vc_row]<\/p>\n","protected":false},"excerpt":{"rendered":"<p>[vc_row][vc_column][vc_column_text] D\u00e9finitions Les cookies sont des informations d\u00e9pos\u00e9es dans l\u2019\u00e9quipement terminal d\u2019un utilisateur par le serveur du site internet visit\u00e9. Ils sont utilis\u00e9s par un site internet pour envoyer des informations au navigateur de l\u2019utilisateur et permettre \u00e0 ce navigateur de renvoyer des informations au site d\u2019origine (par exemple un identifiant de session ou le&hellip;<\/p>\n","protected":false},"author":1,"featured_media":0,"parent":0,"menu_order":0,"comment_status":"open","ping_status":"open","template":"","meta":{"footnotes":""},"class_list":["post-4683","page","type-page","status-publish","hentry"],"_links":{"self":[{"href":"https:\/\/www.renasl.org\/fr\/wp-json\/wp\/v2\/pages\/4683","targetHints":{"allow":["GET"]}}],"collection":[{"href":"https:\/\/www.renasl.org\/fr\/wp-json\/wp\/v2\/pages"}],"about":[{"href":"https:\/\/www.renasl.org\/fr\/wp-json\/wp\/v2\/types\/page"}],"author":[{"embeddable":true,"href":"https:\/\/www.renasl.org\/fr\/wp-json\/wp\/v2\/users\/1"}],"replies":[{"embeddable":true,"href":"https:\/\/www.renasl.org\/fr\/wp-json\/wp\/v2\/comments?post=4683"}],"version-history":[{"count":0,"href":"https:\/\/www.renasl.org\/fr\/wp-json\/wp\/v2\/pages\/4683\/revisions"}],"wp:attachment":[{"href":"https:\/\/www.renasl.org\/fr\/wp-json\/wp\/v2\/media?parent=4683"}],"curies":[{"name":"wp","href":"https:\/\/api.w.org\/{rel}","templated":true}]}}