{"id":4657,"date":"2022-10-04T19:34:46","date_gmt":"2022-10-04T14:04:46","guid":{"rendered":"https:\/\/www.renasl.org\/home\/"},"modified":"2022-11-03T08:05:43","modified_gmt":"2022-11-03T02:35:43","slug":"home","status":"publish","type":"page","link":"https:\/\/www.renasl.org\/fr\/","title":{"rendered":"Accueil"},"content":{"rendered":"<p>[vc_row][vc_column][rev_slider_vc alias=\u00a0\u00bbhome-slider-11&Prime;][\/vc_column][\/vc_row][vc_row css=\u00a0\u00bb.vc_custom_1661688710239{background-color: #f6f6f6 !important;}\u00a0\u00bb][vc_column]\r\n\t<div class=\"fundrize-spacer clearfix\" data-desktop=\"90\" data-mobi=\"50\" data-smobi=\"50\"><\/div><div class=\"fundrize-headings clearfix text-center\"  style=\"\"><h2 class=\"heading clearfix\" style=\"font-weight:600;margin-bottom:7px;\">\r\n\t\tNos projets\r\n\t<\/h2><\/div>[\/vc_column][\/vc_row][vc_row css=\u00a0\u00bb.vc_custom_1661688710239{background-color: #f6f6f6 !important;}\u00a0\u00bb][vc_column width=\u00a0\u00bb1\/5&Prime;][\/vc_column][vc_column width=\u00a0\u00bb1\/5&Prime;][\/vc_column][vc_column width=\u00a0\u00bb1\/5&Prime;]\r\n\t<div class=\"fundrize-spacer clearfix\" data-desktop=\"30\" data-mobi=\"20\" data-smobi=\"20\"><\/div>[vc_btn title=\u00a0\u00bbFaire un don\u00a0\u00bb style=\u00a0\u00bbcustom\u00a0\u00bb custom_background=\u00a0\u00bb#fed900&Prime; custom_text=\u00a0\u00bb#246997&Prime; size=\u00a0\u00bbsm\u00a0\u00bb align=\u00a0\u00bbcenter\u00a0\u00bb i_icon_fontawesome=\u00a0\u00bbfas fa-donate\u00a0\u00bb add_icon=\u00a0\u00bbtrue\u00a0\u00bb link=\u00a0\u00bburl:%2Fdonate%2F|title:Donate Now|rel:nofollow\u00a0\u00bb el_class=\u00a0\u00bbbobtn\u00a0\u00bb][\/vc_column][vc_column width=\u00a0\u00bb1\/5&Prime;][\/vc_column][vc_column width=\u00a0\u00bb1\/5&Prime;][\/vc_column][\/vc_row][vc_row row_equal_height=\u00a0\u00bbyes\u00a0\u00bb column_spacing=\u00a0\u00bb0px\u00a0\u00bb css=\u00a0\u00bb.vc_custom_1661691471982{background-color: #f6f6f6 !important;}\u00a0\u00bb][vc_column width=\u00a0\u00bb1\/3&Prime; css=\u00a0\u00bb.vc_custom_1662427716172{margin-top: 50px !important;background-color: #ffffff !important;}\u00a0\u00bb el_class=\u00a0\u00bbaslbox\u00a0\u00bb][vc_single_image image=\u00a0\u00bb4656&Prime; alignment=\u00a0\u00bbcenter\u00a0\u00bb]\r\n\t<div class=\"fundrize-spacer clearfix\" data-desktop=\"20\" data-mobi=\"20\" data-smobi=\"20\"><\/div>[vc_row_inner css=\u00a0\u00bb.vc_custom_1661691646871{padding-right: 20px !important;padding-left: 20px !important;}\u00a0\u00bb][vc_column_inner]<div class=\"fundrize-headings clearfix text-center\" data-font=20 style=\"\"><h2 class=\"heading clearfix\" style=\"color:#246d98;margin-bottom:20px;font-size:20px;\">\r\n\t\tConstruire des communaut\u00e9s r\u00e9silientes de 1000 membres\r\n\t<\/h2><p class=\"sub-heading clearfix\" style=\"font-style:normal;\">\r\n\t\tNous \u00e9mancipons les villages du district de Mannar en mettant en \u0153uvre des projets \u00e9conomiques, sociaux et environnementaux.\r\n\t<\/p><\/div>\r\n\t<div class=\"fundrize-spacer clearfix\" data-desktop=\"20\" data-mobi=\"10\" data-smobi=\"10\"><\/div>[vc_column_text]<\/p>\n<p style=\"text-align: center;\">Montant collect\u00e9: 5 000\u20ac sur 50 000\u20ac<\/p>\n<p>[\/vc_column_text]\r\n\t<div class=\"fundrize-spacer clearfix\" data-desktop=\"30\" data-mobi=\"20\" data-smobi=\"20\"><\/div>\r\n\t<div class=\"fundrize-progress clearfix pstyle-1\" style=\"\"> <div class=\"perc-wrap\" style=\"\"><div class=\"perc\" style=\"\"><span>10%<\/span><\/div><\/div>\r\n\t    <div class=\"progress-bar\" data-percent=\"10%\" data-inviewport=\"yes\" style=\"background-color:#f2f2f3;margin-top:10px;\">\r\n\t        <div class=\"progress-animate \" style=\"background-color:#246997;height:10px;\"><\/div>\r\n\t    <\/div>\r\n    <\/div>[\/vc_column_inner][\/vc_row_inner]\r\n\t<div class=\"fundrize-spacer clearfix\" data-desktop=\"40\" data-mobi=\"30\" data-smobi=\"30\"><\/div>\r\n\t<div class=\"fundrize-align-box text-center\"><div class=\"button-wrap icon-right\" style=\"\"><a href=\"\/project\/building-1000-member-self-sustaining-communities\/\" target=\"_self\" class=\"fundrize-button  solid outline_dark outline dark\" style=\"\">\r\n\t\t<span style=\"\">Lire la suite <\/span>\r\n\t<\/a><\/div>\n<\/div>\r\n\t<div class=\"fundrize-spacer clearfix\" data-desktop=\"20\" data-mobi=\"10\" data-smobi=\"10\"><\/div>[\/vc_column][vc_column width=\u00a0\u00bb1\/3&Prime; css=\u00a0\u00bb.vc_custom_1662427726320{margin-top: 50px !important;background-color: #ffffff !important;}\u00a0\u00bb el_class=\u00a0\u00bbaslbox\u00a0\u00bb][vc_single_image image=\u00a0\u00bb4652&Prime; alignment=\u00a0\u00bbcenter\u00a0\u00bb]\r\n\t<div class=\"fundrize-spacer clearfix\" data-desktop=\"20\" data-mobi=\"20\" data-smobi=\"20\"><\/div>[vc_row_inner css=\u00a0\u00bb.vc_custom_1661691653198{padding-right: 20px !important;padding-left: 20px !important;}\u00a0\u00bb][vc_column_inner]<div class=\"fundrize-headings clearfix text-center\" data-font=20 style=\"\"><h2 class=\"heading clearfix\" style=\"color:#246d98;margin-bottom:20px;font-size:20px;\">\r\n\t\tPermettre \u00e0 100 femmes de g\u00e9rer un commerce d'aliments secs\r\n\t<\/h2><p class=\"sub-heading clearfix\" style=\"font-style:normal;\">\r\n\t\tNous apprenons aux femmes des communaut\u00e9s vuln\u00e9rables du district de Badulla \u00e0 vendre les produits de leur jardin biologique cultiv\u00e9s \u00e0 la main.\r\n\t<\/p><\/div>\r\n\t<div class=\"fundrize-spacer clearfix\" data-desktop=\"20\" data-mobi=\"10\" data-smobi=\"10\"><\/div>[vc_column_text]<\/p>\n<p style=\"text-align: center;\">Montant collect\u00e9 : 1 850\u20ac sur 1 850\u20ac<\/p>\n<p>[\/vc_column_text]\r\n\t<div class=\"fundrize-spacer clearfix\" data-desktop=\"30\" data-mobi=\"20\" data-smobi=\"20\"><\/div>\r\n\t<div class=\"fundrize-progress clearfix pstyle-1\" style=\"\"> <div class=\"perc-wrap\" style=\"\"><div class=\"perc\" style=\"\"><span>100%<\/span><\/div><\/div>\r\n\t    <div class=\"progress-bar\" data-percent=\"100%\" data-inviewport=\"yes\" style=\"background-color:#f2f2f3;margin-top:10px;\">\r\n\t        <div class=\"progress-animate \" style=\"background-color:#246997;height:10px;\"><\/div>\r\n\t    <\/div>\r\n    <\/div>[\/vc_column_inner][\/vc_row_inner]\r\n\t<div class=\"fundrize-spacer clearfix\" data-desktop=\"40\" data-mobi=\"30\" data-smobi=\"30\"><\/div>\r\n\t<div class=\"fundrize-align-box text-center\"><div class=\"button-wrap icon-right\" style=\"\"><a href=\"\/project\/creating-sustainable-income-for-100-sri-lankan-women-through-dry-food-businesses\/\" target=\"_self\" class=\"fundrize-button  solid outline_dark outline dark\" style=\"\">\r\n\t\t<span style=\"\">Lire la suite <\/span>\r\n\t<\/a><\/div>\n<\/div>\r\n\t<div class=\"fundrize-spacer clearfix\" data-desktop=\"20\" data-mobi=\"10\" data-smobi=\"10\"><\/div>[\/vc_column][vc_column width=\u00a0\u00bb1\/3&Prime; css=\u00a0\u00bb.vc_custom_1662427731089{margin-top: 50px !important;background-color: #ffffff !important;}\u00a0\u00bb el_class=\u00a0\u00bbaslbox\u00a0\u00bb][vc_single_image image=\u00a0\u00bb4654&Prime; alignment=\u00a0\u00bbcenter\u00a0\u00bb]\r\n\t<div class=\"fundrize-spacer clearfix\" data-desktop=\"20\" data-mobi=\"20\" data-smobi=\"20\"><\/div>[vc_row_inner css=\u00a0\u00bb.vc_custom_1661691658538{padding-right: 20px !important;padding-left: 20px !important;}\u00a0\u00bb][vc_column_inner]<div class=\"fundrize-headings clearfix text-center\" data-font=20 style=\"\"><h2 class=\"heading clearfix\" style=\"color:#246d98;margin-bottom:20px;font-size:20px;\">\r\n\t\tFormation de 120 femmes \u00e0 l'agriculture agro\u00e9cologique\r\n\t<\/h2><p class=\"sub-heading clearfix\" style=\"font-style:normal;\">\r\n\t\tDes femmes issues de communaut\u00e9s vuln\u00e9rables de la province du Nord sont form\u00e9es \u00e0 l'agriculture biologique afin de s'assurer un revenu stable.\r\n\t<\/p><\/div>\r\n\t<div class=\"fundrize-spacer clearfix\" data-desktop=\"20\" data-mobi=\"10\" data-smobi=\"10\"><\/div>[vc_column_text]<\/p>\n<p style=\"text-align: center;\">Montant collect\u00e9: 1 000\u20ac sur 1 000\u20ac<\/p>\n<p>[\/vc_column_text]\r\n\t<div class=\"fundrize-spacer clearfix\" data-desktop=\"30\" data-mobi=\"20\" data-smobi=\"20\"><\/div>\r\n\t<div class=\"fundrize-progress clearfix pstyle-1\" style=\"\"> <div class=\"perc-wrap\" style=\"\"><div class=\"perc\" style=\"\"><span>100%<\/span><\/div><\/div>\r\n\t    <div class=\"progress-bar\" data-percent=\"100%\" data-inviewport=\"yes\" style=\"background-color:#f2f2f3;margin-top:10px;\">\r\n\t        <div class=\"progress-animate \" style=\"background-color:#246997;height:10px;\"><\/div>\r\n\t    <\/div>\r\n    <\/div>[\/vc_column_inner][\/vc_row_inner]\r\n\t<div class=\"fundrize-spacer clearfix\" data-desktop=\"40\" data-mobi=\"30\" data-smobi=\"30\"><\/div>\r\n\t<div class=\"fundrize-align-box text-center\"><div class=\"button-wrap icon-right\" style=\"\"><a href=\"\/project\/find-all-the-information-you-need-to-know-to-do-business-in-sri-lanka-in-the-it-and-bpm-sector\/\" target=\"_self\" class=\"fundrize-button  solid outline_dark outline dark\" style=\"\">\r\n\t\t<span style=\"\">Lire la suite <\/span>\r\n\t<\/a><\/div>\n<\/div>\r\n\t<div class=\"fundrize-spacer clearfix\" data-desktop=\"20\" data-mobi=\"10\" data-smobi=\"10\"><\/div>[\/vc_column][\/vc_row][vc_row full_width=\u00a0\u00bbstretch_row\u00a0\u00bb css=\u00a0\u00bb.vc_custom_1662225558309{background-color: #f6f6f6 !important;background-position: center !important;background-repeat: no-repeat !important;background-size: cover !important;}\u00a0\u00bb][vc_column]\r\n\t<div class=\"fundrize-spacer clearfix\" data-desktop=\"180\" data-mobi=\"120\" data-smobi=\"120\"><\/div>[\/vc_column][\/vc_row][vc_row full_width=\u00a0\u00bbstretch_row\u00a0\u00bb css=\u00a0\u00bb.vc_custom_1664892889070{background-image: url(https:\/\/www.renasl.org\/wp-content\/uploads\/2022\/10\/Dashboard.jpg?id=4645) !important;background-position: center !important;background-repeat: no-repeat !important;background-size: cover !important;}\u00a0\u00bb][vc_column]\r\n\t<div class=\"fundrize-spacer clearfix\" data-desktop=\"90\" data-mobi=\"60\" data-smobi=\"60\"><\/div>[vc_row_inner][vc_column_inner width=\u00a0\u00bb1\/5&Prime;]<div class=\"fundrize-counter clearfix icon-top text-center\"><div class=\"inner\"><div class=\"icon-wrap\"><\/div><div class=\"text-wrap\"><div class=\"number-wrap font-heading\" style=\"color:#ffffff;font-weight:700;font-size:56px;line-height:68px;margin-top:2px;\"><span class=\"prefix \" style=\"\">$<\/span><span class=\"number \" data-speed=\"2000\" data-to=\"21500\" data-inviewport=\"yes\"> 21500<\/span><span class=\"suffix \" style=\"\"><\/span><\/div><div class=\"sep \" style=\"width:52px;height:3px;\"><\/div><h3 class=\"heading\" style=\"color:#ffffff;font-size:14px;margin-top:10px;\">\r\n\t\tDons re\u00e7us\r\n\t<\/h3><\/div><\/div><\/div>\r\n\t<div class=\"fundrize-spacer clearfix\" data-desktop=\"0\" data-mobi=\"35\" data-smobi=\"35\"><\/div>[\/vc_column_inner][vc_column_inner width=\u00a0\u00bb1\/5&Prime;]<div class=\"fundrize-counter clearfix icon-top text-center\"><div class=\"inner\"><div class=\"icon-wrap\"><\/div><div class=\"text-wrap\"><div class=\"number-wrap font-heading\" style=\"color:#ffffff;font-weight:700;font-size:56px;line-height:68px;margin-top:2px;\"><span class=\"prefix \" style=\"\"><\/span><span class=\"number \" data-speed=\"2000\" data-to=\"155\" data-inviewport=\"yes\"> 155<\/span><span class=\"suffix \" style=\"\"><\/span><\/div><div class=\"sep \" style=\"width:52px;height:3px;\"><\/div><h3 class=\"heading\" style=\"color:#ffffff;font-size:14px;margin-top:10px;\">\r\n\t\tTotal membres\r\n\t<\/h3><\/div><\/div><\/div>\r\n\t<div class=\"fundrize-spacer clearfix\" data-desktop=\"0\" data-mobi=\"35\" data-smobi=\"35\"><\/div>[\/vc_column_inner][vc_column_inner width=\u00a0\u00bb1\/5&Prime;]<div class=\"fundrize-counter clearfix icon-top text-center\"><div class=\"inner\"><div class=\"icon-wrap\"><\/div><div class=\"text-wrap\"><div class=\"number-wrap font-heading\" style=\"color:#ffffff;font-weight:700;font-size:56px;line-height:68px;margin-top:2px;\"><span class=\"prefix \" style=\"\"><\/span><span class=\"number \" data-speed=\"2000\" data-to=\"300\" data-inviewport=\"yes\"> 300<\/span><span class=\"suffix \" style=\"\"><\/span><\/div><div class=\"sep \" style=\"width:52px;height:3px;\"><\/div><h3 class=\"heading\" style=\"color:#ffffff;font-size:14px;margin-top:10px;\">\r\n\t\tVies transform\u00e9es\r\n\t<\/h3><\/div><\/div><\/div>\r\n\t<div class=\"fundrize-spacer clearfix\" data-desktop=\"0\" data-mobi=\"35\" data-smobi=\"35\"><\/div>[\/vc_column_inner][vc_column_inner width=\u00a0\u00bb1\/5&Prime;]<div class=\"fundrize-counter clearfix icon-top text-center\"><div class=\"inner\"><div class=\"icon-wrap\"><\/div><div class=\"text-wrap\"><div class=\"number-wrap font-heading\" style=\"color:#ffffff;font-weight:700;font-size:56px;line-height:68px;margin-top:2px;\"><span class=\"prefix \" style=\"\">$<\/span><span class=\"number \" data-speed=\"2000\" data-to=\"50000\" data-inviewport=\"yes\"> 50000<\/span><span class=\"suffix \" style=\"\"><\/span><\/div><div class=\"sep \" style=\"width:52px;height:3px;\"><\/div><h3 class=\"heading\" style=\"color:#ffffff;font-size:14px;margin-top:10px;\">\r\n\t\tDonation n\u00e9cessaires\r\n\t<\/h3><\/div><\/div><\/div>\r\n\t<div class=\"fundrize-spacer clearfix\" data-desktop=\"0\" data-mobi=\"35\" data-smobi=\"35\"><\/div>[\/vc_column_inner][vc_column_inner width=\u00a0\u00bb1\/5&Prime;]<div class=\"fundrize-counter clearfix icon-top text-center\"><div class=\"inner\"><div class=\"icon-wrap\"><\/div><div class=\"text-wrap\"><div class=\"number-wrap font-heading\" style=\"color:#ffffff;font-weight:700;font-size:56px;line-height:68px;margin-top:2px;\"><span class=\"prefix \" style=\"\"><\/span><span class=\"number \" data-speed=\"2000\" data-to=\"5\" data-inviewport=\"yes\"> 5<\/span><span class=\"suffix \" style=\"\"><\/span><\/div><div class=\"sep \" style=\"width:52px;height:3px;\"><\/div><h3 class=\"heading\" style=\"color:#ffffff;font-size:14px;margin-top:10px;\">\r\n\t\tProjets r\u00e9ussis\r\n\t<\/h3><\/div><\/div><\/div>[\/vc_column_inner][\/vc_row_inner]\r\n\t<div class=\"fundrize-spacer clearfix\" data-desktop=\"90\" data-mobi=\"60\" data-smobi=\"60\"><\/div>[\/vc_column][\/vc_row][vc_row full_width=\u00a0\u00bbstretch_row\u00a0\u00bb css=\u00a0\u00bb.vc_custom_1664892927182{background-image: url(https:\/\/www.renasl.org\/wp-content\/uploads\/2022\/10\/Our-key-differentiators-1.jpg?id=4647) !important;background-position: center !important;background-repeat: no-repeat !important;background-size: cover !important;}\u00a0\u00bb][vc_column]\r\n\t<div class=\"fundrize-spacer clearfix\" data-desktop=\"110\" data-mobi=\"60\" data-smobi=\"60\"><\/div>[vc_row_inner][vc_column_inner el_class=\u00a0\u00bbdifftexts\u00a0\u00bb width=\u00a0\u00bb1\/2&Prime;]<div class=\"fundrize-icon-box clearfix icon-left w85 grey-outline align-left rounded-100 has-width\"><div class=\"icon-wrap\" style=\"line-height:81px;\">\r\n\t\t\t\t<i class=\"fas fa-flag\"><\/i>\r\n\t\t\t<\/div> <h3 class=\"heading\" style=\"padding-left:103px;font-size:16px;line-height:26px;margin-top:2px;margin-bottom:12px;\">\r\n\t\t<a target=\"_self\" href=\"#\">\r\n\t\t\t<span>CR\u00c9ER LE MEILLEUR AVENIR POUR SRI LANKA EST NOTRE SEULE MISSION<\/span>\r\n\t\t<\/a>\r\n\t<\/h3><\/div>\r\n\t<div class=\"fundrize-spacer clearfix\" data-desktop=\"50\" data-mobi=\"35\" data-smobi=\"35\"><\/div><div class=\"fundrize-icon-box clearfix icon-left w85 grey-outline align-left rounded-100 has-width\"><div class=\"icon-wrap\" style=\"line-height:81px;\">\r\n\t\t\t\t<i class=\"fas fa-user-friends\"><\/i>\r\n\t\t\t<\/div> <h3 class=\"heading\" style=\"padding-left:103px;font-size:16px;line-height:26px;margin-top:2px;margin-bottom:12px;\">\r\n\t\t<a target=\"_self\" href=\"#\">\r\n\t\t\t<span>AM\u00c9LIORER DURABLEMENT LA VIE DES GENS ET CELLE DE LEURS ENFANTS, VOIL\u00c0 CE QUE NOUS R\u00c9ALISONS<\/span>\r\n\t\t<\/a>\r\n\t<\/h3><\/div>\r\n\t<div class=\"fundrize-spacer clearfix\" data-desktop=\"50\" data-mobi=\"35\" data-smobi=\"35\"><\/div><div class=\"fundrize-icon-box clearfix icon-left w85 grey-outline align-left rounded-100 has-width\"><div class=\"icon-wrap\" style=\"line-height:81px;\">\r\n\t\t\t\t<i class=\"fas fa-hands-helping\"><\/i>\r\n\t\t\t<\/div> <h3 class=\"heading\" style=\"padding-left:103px;font-size:16px;line-height:26px;margin-top:2px;margin-bottom:12px;\">\r\n\t\t<a target=\"_self\" href=\"#\">\r\n\t\t\t<span>VAINCRE LES D\u00c9FIS D'AUJOURD'HUI ET LES COMBATS DE DEMAIN, VOIL\u00c0 CE POUR QUOI NOUS EMANCIPONS SRI LANKA<\/span>\r\n\t\t<\/a>\r\n\t<\/h3><\/div>\r\n\t<div class=\"fundrize-spacer clearfix\" data-desktop=\"50\" data-mobi=\"35\" data-smobi=\"35\"><\/div><div class=\"fundrize-icon-box clearfix icon-left w85 grey-outline align-left rounded-100 has-width\"><div class=\"icon-wrap\" style=\"line-height:81px;\">\r\n\t\t\t\t<i class=\"fas fa-users\"><\/i>\r\n\t\t\t<\/div> <h3 class=\"heading\" style=\"padding-left:103px;font-size:16px;line-height:26px;margin-top:2px;margin-bottom:12px;\">\r\n\t\t<a target=\"_self\" href=\"#\">\r\n\t\t\t<span>PARCE QU'\u00c0 SRI LANKA, NOUS SOMMES PROFOND\u00c9MENT ENRACIN\u00c9S, NOUS R\u00c9USSISSONS<\/span>\r\n\t\t<\/a>\r\n\t<\/h3><\/div>[\/vc_column_inner][vc_column_inner width=\u00a0\u00bb1\/2&Prime;][\/vc_column_inner][\/vc_row_inner]\r\n\t<div class=\"fundrize-spacer clearfix\" data-desktop=\"110\" data-mobi=\"60\" data-smobi=\"60\"><\/div>[\/vc_column][\/vc_row][vc_row fullwidth=\u00a0\u00bbyes\u00a0\u00bb full_width=\u00a0\u00bbstretch_row_content_no_spaces\u00a0\u00bb css=\u00a0\u00bb.vc_custom_1664421388640{background-color: #f5f5f5 !important;}\u00a0\u00bb el_id=\u00a0\u00bbRSL_Ecosystems\u00a0\u00bb][vc_column width=\u00a0\u00bb1\/2&Prime; css=\u00a0\u00bb.vc_custom_1664892955896{background-image: url(https:\/\/www.renasl.org\/wp-content\/uploads\/2022\/10\/Community-ecosystem.jpg?id=4649) !important;background-position: center !important;background-repeat: no-repeat !important;background-size: cover !important;}\u00a0\u00bb]\r\n\t<div class=\"fundrize-spacer clearfix\" data-desktop=\"530\" data-mobi=\"300\" data-smobi=\"300\"><\/div>[\/vc_column][vc_column width=\u00a0\u00bb1\/2&Prime;]<div class=\"fundrize-content-box clearfix \" data-margin=\"3% 13% 5% 13%\" data-mobimargin=\"7% 7% 7% 7%\">\r\n\t\t<div class=\"inner\" style=\"\">\r\n\t\t\t<div class=\"fundrize-headings clearfix \"  style=\"\"><h2 class=\"heading clearfix\" style=\"margin-bottom:7px;\">\r\n\t\tNous \u00e9mancipons des villages entiers pour offrir un avenir radieux au Sri Lanka\r\n\t<\/h2><p class=\"sub-heading clearfix\" style=\"font-style:normal;font-size:16px;line-height:32px;margin-bottom:23px;\">\r\n\t\tLes \u00e9cosyst\u00e8mes communautaires que nous construisons au niveau des villages du Sri Lanka offrent une solution efficace et durable \u00e0 la grave crise socio-\u00e9conomique qui secoue le pays depuis mai 2022.\r\n\t<\/p><\/div>[vc_column_text]<\/p>\n<p style=\"font-size: 16px;\">Les \u00e9cosyst\u00e8mes communautaires renforcent l&rsquo;autonomie de villages sri-lankais entiers.<\/p>\n<p style=\"font-size: 16px;\">Parmi les nombreux avantages des \u00e9cosyst\u00e8mes communautaires, figure l&rsquo;autosuffisance accrue des communaut\u00e9s dans les domaines essentiels de la vie, notamment la nourriture, les biens, les services et les activit\u00e9s sociales et culturelles.<\/p>\n<p>[\/vc_column_text]\r\n\t<div class=\"fundrize-spacer clearfix\" data-desktop=\"30\" data-mobi=\"15\" data-smobi=\"15\"><\/div><div class=\"button-wrap icon-left separate has-icon\" style=\"\"><a href=\"\/project\/building-1000-member-self-sustaining-communities\/\" target=\"_self\" class=\"fundrize-button  solid accent\" style=\"\">\r\n\t\t<span style=\"\">EN SAVOIR PLUS <span class=\"icon\" style=\"font-size:18px;\"><i class=\"fas fa-hands-helping\"><\/i><\/span><\/span>\r\n\t<\/a><\/div>\n\r\n\t\t<\/div>\r\n\t<\/div>[\/vc_column][\/vc_row][vc_row][vc_column]\r\n\t<div class=\"fundrize-spacer clearfix\" data-desktop=\"70\" data-mobi=\"50\" data-smobi=\"50\"><\/div>\r\n\t<div class=\"fundrize-align-box text-center\"><div class=\"button-wrap icon-left has-icon\" style=\"\"><a href=\"\/donate\/\" target=\"_self\" class=\"fundrize-button  solid custom\" style=\"background-color:#fcd824;border-color:#246d98;color:#246d98;border-radius:5px;\">\r\n\t\t<span style=\"\">FAIRE UN DON <span class=\"icon\" style=\"color:#246d98;font-size:18px;\"><i class=\"donation-icon-money\"><\/i><\/span><\/span>\r\n\t<\/a><\/div>\n<\/div>\r\n\t<div class=\"fundrize-spacer clearfix\" data-desktop=\"100\" data-mobi=\"60\" data-smobi=\"60\"><\/div>[vc_raw_js]JTNDc2NyaXB0JTNFJTBBalF1ZXJ5JTI4JTI3LmhlYWRpbmclMjBhJTI3JTI5LmNsaWNrJTI4ZnVuY3Rpb24lMjhlJTI5JTIwJTdCJTBBJTA5JTA5ZS5wcmV2ZW50RGVmYXVsdCUyOCUyOSUzQiUwQSUwOSUwOWpRdWVyeSUyOHRoaXMlMjkuYmx1ciUyOCUyOSUzQiUwQSUwOSU3RCUyOSUzQiUwQSUzQyUyRnNjcmlwdCUzRQ==[\/vc_raw_js][\/vc_column][\/vc_row]<\/p>\n","protected":false},"excerpt":{"rendered":"<p>[vc_row][vc_column][rev_slider_vc alias=\u00a0\u00bbhome-slider-11&Prime;][\/vc_column][\/vc_row][vc_row css=\u00a0\u00bb.vc_custom_1661688710239{background-color: #f6f6f6 !important;}\u00a0\u00bb][vc_column][\/vc_column][\/vc_row][vc_row css=\u00a0\u00bb.vc_custom_1661688710239{background-color: #f6f6f6 !important;}\u00a0\u00bb][vc_column width=\u00a0\u00bb1\/5&Prime;][\/vc_column][vc_column width=\u00a0\u00bb1\/5&Prime;][\/vc_column][vc_column width=\u00a0\u00bb1\/5&Prime;][vc_btn title=\u00a0\u00bbFaire un don\u00a0\u00bb style=\u00a0\u00bbcustom\u00a0\u00bb custom_background=\u00a0\u00bb#fed900&Prime; custom_text=\u00a0\u00bb#246997&Prime; size=\u00a0\u00bbsm\u00a0\u00bb align=\u00a0\u00bbcenter\u00a0\u00bb i_icon_fontawesome=\u00a0\u00bbfas fa-donate\u00a0\u00bb add_icon=\u00a0\u00bbtrue\u00a0\u00bb link=\u00a0\u00bburl:%2Fdonate%2F|title:Donate Now|rel:nofollow\u00a0\u00bb el_class=\u00a0\u00bbbobtn\u00a0\u00bb][\/vc_column][vc_column width=\u00a0\u00bb1\/5&Prime;][\/vc_column][vc_column width=\u00a0\u00bb1\/5&Prime;][\/vc_column][\/vc_row][vc_row row_equal_height=\u00a0\u00bbyes\u00a0\u00bb column_spacing=\u00a0\u00bb0px\u00a0\u00bb css=\u00a0\u00bb.vc_custom_1661691471982{background-color: #f6f6f6 !important;}\u00a0\u00bb][vc_column width=\u00a0\u00bb1\/3&Prime; css=\u00a0\u00bb.vc_custom_1662427716172{margin-top: 50px !important;background-color: #ffffff !important;}\u00a0\u00bb el_class=\u00a0\u00bbaslbox\u00a0\u00bb][vc_single_image image=\u00a0\u00bb4656&Prime; alignment=\u00a0\u00bbcenter\u00a0\u00bb][vc_row_inner css=\u00a0\u00bb.vc_custom_1661691646871{padding-right: 20px !important;padding-left: 20px !important;}\u00a0\u00bb][vc_column_inner][vc_column_text] Montant collect\u00e9: 5 000\u20ac sur 50 000\u20ac [\/vc_column_text][\/vc_column_inner][\/vc_row_inner][\/vc_column][vc_column width=\u00a0\u00bb1\/3&Prime;&hellip;<\/p>\n","protected":false},"author":1,"featured_media":0,"parent":0,"menu_order":0,"comment_status":"open","ping_status":"open","template":"","meta":{"footnotes":""},"class_list":["post-4657","page","type-page","status-publish","hentry"],"_links":{"self":[{"href":"https:\/\/www.renasl.org\/fr\/wp-json\/wp\/v2\/pages\/4657","targetHints":{"allow":["GET"]}}],"collection":[{"href":"https:\/\/www.renasl.org\/fr\/wp-json\/wp\/v2\/pages"}],"about":[{"href":"https:\/\/www.renasl.org\/fr\/wp-json\/wp\/v2\/types\/page"}],"author":[{"embeddable":true,"href":"https:\/\/www.renasl.org\/fr\/wp-json\/wp\/v2\/users\/1"}],"replies":[{"embeddable":true,"href":"https:\/\/www.renasl.org\/fr\/wp-json\/wp\/v2\/comments?post=4657"}],"version-history":[{"count":0,"href":"https:\/\/www.renasl.org\/fr\/wp-json\/wp\/v2\/pages\/4657\/revisions"}],"wp:attachment":[{"href":"https:\/\/www.renasl.org\/fr\/wp-json\/wp\/v2\/media?parent=4657"}],"curies":[{"name":"wp","href":"https:\/\/api.w.org\/{rel}","templated":true}]}}