{"id":3799,"date":"2021-04-30T12:00:25","date_gmt":"2021-04-30T06:30:25","guid":{"rendered":"https:\/\/www.renasl.org\/?page_id=3799"},"modified":"2022-04-07T02:24:48","modified_gmt":"2022-04-06T20:54:48","slug":"donate","status":"publish","type":"page","link":"https:\/\/www.renasl.org\/fr\/donate\/","title":{"rendered":"Donate"},"content":{"rendered":"<p><script src=\"https:\/\/js.stripe.com\/v3\/\"><\/script><\/p>\n<div class=\"fundrize-spacer clearfix\" data-desktop=\"40\" data-mobi=\"30\" data-smobi=\"30\"><\/div>[vc_row][vc_column]<div class=\"fundrize-headings clearfix text-center\" data-font=22 style=\"\"><h2 class=\"heading clearfix\" style=\"margin-bottom:7px;font-size:22px;\">\r\n\t\tLe Sri Lanka est confront\u00e9 \u00e0 sa pire crise \u00e9conomique et sociale.<br \/>\nNous nous approvisionnons en nourriture produite au Sri Lanka et la distribuons aux personnes les plus vuln\u00e9rables.<br \/>\n10 \u20ac peuvent faire vivre une famille de quatre personnes pendant une semaine.<br \/>\nVotre soutien est n\u00e9cessaire de toute urgence<br \/>\n\r\n\t<\/h2><p class=\"sub-heading clearfix\" style=\"font-style:normal;font-size:14px;line-height:32px;max-width:600px; margin-left: auto; margin-right: auto;\">\r\n\t\t \r\n\t<\/p><\/div>[\/vc_column][\/vc_row]\r\n\t<div class=\"fundrize-spacer clearfix\" data-desktop=\"25\" data-mobi=\"25\" data-smobi=\"25\"><\/div>[vc_row][vc_column width=\u00a0\u00bb12\/12&Prime;]\r\n\t<div class=\"fundrize-align-box text-center\"><div class=\"button-wrap icon-left has-icon\" style=\"\"><a href=\"\/donate\/one-time-donation\/\" target=\"_self\" class=\"fundrize-button  double custom\" style=\"background-color:#3e7c25;border-color:#3e7c25;color:#ffffff;font-size:20px;border-radius:5px;border-width:3px;\">\r\n\t\t<span style=\"\">Cliquez ici pour faire un don unique <span class=\"icon\" style=\"color:#ffffff;\"><i class=\"fas fa-hand-holding-heart\"><\/i><\/span><\/span>\r\n\t<\/a><\/div>\n<\/div>[\/vc_column][\/vc_row]\r\n\t<div class=\"fundrize-spacer clearfix\" data-desktop=\"55\" data-mobi=\"35\" data-smobi=\"35\"><\/div>[vc_row][vc_column][vc_column_text]<\/p>\n<h4 style=\"text-align: center;color: #246d98; font-weight: bold; font-size: 20px;\">Faites un don mensuel et connectez-vous sur notre espace donateurs:<\/h4>\n<p>[\/vc_column_text]\r\n\t<div class=\"fundrize-spacer clearfix\" data-desktop=\"35\" data-mobi=\"25\" data-smobi=\"25\"><\/div>[\/vc_column][\/vc_row][vc_row][vc_column][vc_row_inner][vc_column_inner width=\u00a0\u00bb1\/4&Prime;][vc_single_image source=\u00a0\u00bbexternal_link\u00a0\u00bb alignment=\u00a0\u00bbcenter\u00a0\u00bb custom_src=\u00a0\u00bb\/wp-content\/uploads\/2022\/02\/ZZ_moonstone_donate_en.png\u00a0\u00bb style=\u00a0\u00bbvc_box_rounded\u00a0\u00bb onclick=\u00a0\u00bbcustom_link\u00a0\u00bb link=\u00a0\u00bb?option=moonstone\u00a0\u00bb][\/vc_column_inner][vc_column_inner width=\u00a0\u00bb1\/4&Prime;][vc_single_image source=\u00a0\u00bbexternal_link\u00a0\u00bb alignment=\u00a0\u00bbcenter\u00a0\u00bb custom_src=\u00a0\u00bb\/wp-content\/uploads\/2022\/02\/ZZ_topaz_donate_en.png\u00a0\u00bb style=\u00a0\u00bbvc_box_rounded\u00a0\u00bb onclick=\u00a0\u00bbcustom_link\u00a0\u00bb link=\u00a0\u00bb?option=topaz\u00a0\u00bb][\/vc_column_inner][vc_column_inner width=\u00a0\u00bb1\/4&Prime;][vc_single_image source=\u00a0\u00bbexternal_link\u00a0\u00bb alignment=\u00a0\u00bbcenter\u00a0\u00bb custom_src=\u00a0\u00bb\/wp-content\/uploads\/2022\/02\/ZZ_sapphire_donate_en.png\u00a0\u00bb style=\u00a0\u00bbvc_box_rounded\u00a0\u00bb onclick=\u00a0\u00bbcustom_link\u00a0\u00bb link=\u00a0\u00bb?option=sapphire\u00a0\u00bb][\/vc_column_inner][vc_column_inner width=\u00a0\u00bb1\/4&Prime;][vc_single_image source=\u00a0\u00bbexternal_link\u00a0\u00bb alignment=\u00a0\u00bbcenter\u00a0\u00bb custom_src=\u00a0\u00bb\/wp-content\/uploads\/2022\/02\/ZZ_ruby_donate_en.png\u00a0\u00bb style=\u00a0\u00bbvc_box_rounded\u00a0\u00bb onclick=\u00a0\u00bbcustom_link\u00a0\u00bb link=\u00a0\u00bb?option=ruby\u00a0\u00bb][\/vc_column_inner][\/vc_row_inner][\/vc_column][\/vc_row]\r\n\t<div class=\"fundrize-spacer clearfix\" data-desktop=\"55\" data-mobi=\"30\" data-smobi=\"30\"><\/div>[vc_row][vc_column width=\u00a0\u00bb1\/12&Prime;][\/vc_column][vc_column width=\u00a0\u00bb10\/12&Prime;]<br \/>\n\r\n\t<div class=\"fundrize-align-box text-center\"><div class=\"button-wrap icon-left has-icon\" style=\"\"><a href=\"\/wp-content\/uploads\/2021\/09\/Wire_Transfer_Renaissance_Sri_Lanka.pdf\" target=\"_blank\" class=\"fundrize-button  double custom\" style=\"background-color:#25347c;border-color:#25347c;color:#ffffff;border-radius:5px;border-width:3px;\">\r\n\t\t<span style=\"\">T\u00e9l\u00e9charger nos coordonn\u00e9es bancaires pour effectuer un virement bancaire <span class=\"icon\" style=\"color:#ffffff;\"><i class=\"fas fa-university\"><\/i><\/span><\/span>\r\n\t<\/a><\/div>\n<\/div>[\/vc_column][vc_column width=\u00a0\u00bb1\/12&Prime;][\/vc_column][\/vc_row]\r\n\t<div class=\"fundrize-spacer clearfix\" data-desktop=\"55\" data-mobi=\"35\" data-smobi=\"35\"><\/div>[vc_row el_id=\u00a0\u00bbyoutubedonatevideorow\u00a0\u00bb][vc_column][vc_column_text]<\/p>\n<h4 style=\"text-align: center;color: #246d98; font-weight: bold; font-size: 20px;\">100% SECURE PAYMENT<\/h4>\n<p>[\/vc_column_text][\/vc_column][\/vc_row][vc_row el_id=\u00a0\u00bb\u00a0\u00bb][vc_column][vc_column_text]<\/p>\n<p style=\"text-align: center;\">This website is 100% secure.<br \/>\n<br \/>\n<img decoding=\"async\" src=\"\/wp-content\/uploads\/2021\/09\/Stripe.png\" title=\"Stripe supports all leading credit and debit cards\"\/> <\/p>\n<p>The banking information necessary to the treatment of your payment is completely secured. They are not stored on our computer systems. Thanks to the SSL encryption of your banking data, you are assured of the reliability of your transactions on the Internet. To be sure: the space is secure as soon as the URL of Renaissance Sri Lanka begins with https.<br \/>\n<br \/>\nIn accordance with the European Payment Services Directive 2 (PSD2), new rules have been put in place to strengthen the security of online payments. You may now be asked to confirm your donation online according to the methods defined by your bank: SMS, mobile application, website.<br \/>\n<br \/>\nOur donor service is at your disposal to answer all your questions. Do not hesitate to contact us by e-mail: donations@renasl.org<\/p>\n<p>[\/vc_column_text][\/vc_column][\/vc_row]\r\n\t<div class=\"fundrize-spacer clearfix\" data-desktop=\"55\" data-mobi=\"30\" data-smobi=\"30\"><\/div>\n<p><script type=\"text\/javascript\">\n\/*\njQuery(document).ready(function () {\n    jQuery('#proceedbtn').click(function() {\n      checked = jQuery(\"input.event_types:checked\").length;<\/p>\n<p>      if(!checked) {\n        Swal.fire(\"Wait!\",\"Please select at least one event type.\",\"warning\");\n        return false;\n      }<\/p>\n<p>    });\n});\n*\/<\/p>\n<p>jQuery(document).ready(function() {\nreqstar();\n    if(jQuery().validate) {\n\t    jQuery('#maindataform').validate({\n    \t\tignore: \":hidden:not(select)\",\n    \t\terrorClass: \"is-invalid\",\n    \t\tvalidClass: \"is-valid\",\n    \t\terrorPlacement: function(error, element) {\n    \t\t\tif (element.attr(\"type\") == \"radio\") {\n    \t\t\t\terror.appendTo(element.parent().parent());\n    \t\t\t}\n    \t\t\telse if (element.attr(\"type\") == \"checkbox\") {\n    \t\t\t\terror.appendTo(element.parent());\n    \t\t\t} \n    \t\t\telse if (element.hasClass(\"chosenfilter\")) {\n    \t\t\t\terror.appendTo(element.parent());\n    \t\t\t} \n    \t\t\telse {\n    \t\t\t\terror.insertAfter(element);\n    \t\t\t}\n    \t\t},\n    \t});<\/p>\n<p>    \tjQuery('#maindataformbtn').click(function() {\n    \t\tvar formstatus = jQuery('#maindataform').valid();\n    \t\tif (formstatus) {\n    \t\t\t\/\/alert (\"valid\");<\/p>\n<p>\t\t\tchecked = jQuery(\"input.event_types:checked\").length;<\/p>\n<p>\t\t\tif(!checked) {\n\t\t\t    Swal.fire(\"Wait!\",\"Please select at least one event type.\",\"warning\");\n\t\t\t}\n\t\t\telse {\n\t\t\t    jQuery('#maindataform').submit();         \n\t\t\t}   <\/p>\n<p>\/*\n\t\t\tSwal.fire({\n\t\t\t\ttitle: 'You will be redirected to PayPal, our payment platform. Follow the below simple steps:',\n\t\t\t\thtml: '<\/p>\n<ol>\n<li style=\"color: #246d98;font-size: 135%;text-align: left;margin-bottom:20px\">Before proceeding, connect to your PayPal account in a different tab of your browser, unless you are already connected.<br \/><span style=\"font-size: 85%;\">(If you do not have a PayPal account, in a different tab of your browser, create a PayPal account and stay logged in.)<\/span><\/li>\n<li style=\"color: #246d98;font-size: 135%;text-align: left;margin-bottom:20px\">Back on the Renaissance Sri Lanka website, click on the button \"I UNDERSTAND, PROCEED NOW\".<br \/><img decoding=\"async\" src=\"https:\/\/www.renasl.org\/wp-content\/uploads\/2021\/05\/proceeed.png\" style=\"width: 200px;\"\/><\/li>\n<li style=\"color: #246d98;font-size: 135%;text-align: left;margin-bottom:20px\">On the PayPal screen that will appear, tick \"Make this a monthly donation\".<br \/>Then, click on the blue button \"Donate with PayPal\" and confirm payment.<br \/><img decoding=\"async\" src=\"https:\/\/www.renasl.org\/wp-content\/uploads\/2021\/05\/paypal1.png\" style=\"width: 300px;\"\/><br \/><img decoding=\"async\" src=\"https:\/\/www.renasl.org\/wp-content\/uploads\/2021\/05\/paypal2.png\" style=\"width: 300px;\"\/><\/li>\n<\/ol>\n<p>',\n\t\t\t\ticon: 'info',\n\t\t\t\twidth: 600,\n\t\t\t\tshowCancelButton: true,\n\t\t\t\treverseButtons: true,\n\t\t\t\tconfirmButtonText: 'I understand, Proceed now',\n\t\t\t}).then((result) => {\n\t\t\t\tif (result.value) {\n\t\t\t\t\tchecked = jQuery(\"input.event_types:checked\").length;<\/p>\n<p>\t\t\t\t\tif(!checked) {\n\t\t\t\t\t    Swal.fire(\"Wait!\",\"Please select at least one event type.\",\"warning\");\n\t\t\t\t\t}\n\t\t\t\t\telse {\n\t\t\t\t\t    \/\/Swal.fire(\"Success\", \"All Done\", \"success\");\n\t\t\t\t\t    jQuery('#maindataform').submit();         \n\t\t\t\t\t}    \t\t\t\n\t\t\t\t} \n\t\t\t});\n*\/\n    \t\t}\n    \t});\n    }\n});<\/p>\n<p>if(jQuery(\"#youtubedonatevideorow\").length){\njQuery(window).scroll(function() {\n \t\/\/will trigger when your element comes into viewport\n\tvar hT = jQuery('#youtubedonatevideorow').offset().top,\n\thH = jQuery('#youtubedonatevideorow').outerHeight(),\n\twH = jQuery(window).height(),\n\twS = jQuery(this).scrollTop();<\/p>\n<p>\tif (wS > (hT+hH-wH)){\n\t\t\/\/appends &autoplay=1 to iFrame src, making it autoplay\n\t\tvar videoUrl = jQuery('#youtubedonatevideo').attr('src');\n\t\tvar pattern = \/autoplay\/;<\/p>\n<p>\t\tvar apexists = pattern.test(videoUrl );<\/p>\n<p>\t\tif (!apexists) {\n\t\t\tjQuery('#youtubedonatevideo').attr('src', videoUrl + \"&autoplay=1\");\n\t\t}\t\t\n\t}\n});\n}<\/p>\n<p>      var PUBLISHABLE_KEY = 'pk_live_51IrLEwFj31tzaRtMe8NCKKlh9LuVxvIM1jxWfxTOhyAJnmw8wdWd99uLJkyRXHnOftkMgr2KbCSiUMur7Yvkm73j00mAuZ5xm1';\n      var DOMAIN = location.href.replace(\/[^\/]*$\/, '');\n      var stripe = Stripe(PUBLISHABLE_KEY);<\/p>\n<p>      var handleResult = function (result) {\n        if (result.error) {\n          var displayError = document.getElementById('error-message');\n          displayError.textContent = result.error.message;\n        }\n      };<\/p>\n<p>      document.querySelectorAll('button').forEach(function (button) {\n        button.addEventListener('click', function (e) {\n          var mode = e.target.dataset.checkoutMode;\n          var priceId = e.target.dataset.priceId;\n          var items = [{ price: priceId, quantity: 1 }];<\/p>\n<p>          \/\/ Make the call to Stripe.js to redirect to the checkout page\n          \/\/ with the sku or plan ID.\n          stripe\n            .redirectToCheckout({\n              mode: mode,\n              lineItems: items,\n              successUrl:\n                DOMAIN + '?result=success&session_id={CHECKOUT_SESSION_ID}',\n              cancelUrl:\n                DOMAIN + '?result=error&session_id={CHECKOUT_SESSION_ID}',\n            })\n            .then(handleResult);\n        });\n      });<\/p>\n<p>jQuery(document).ready(function(){\n     setTimeout(function(){\n        jQuery('#stripedonatebutton').trigger('click');\n    }, 100);\n});<\/p>\n<p><\/script><\/p>\n","protected":false},"excerpt":{"rendered":"<p>[vc_row][vc_column][\/vc_column][\/vc_row][vc_row][vc_column width=\u00a0\u00bb12\/12&Prime;][\/vc_column][\/vc_row][vc_row][vc_column][vc_column_text] Faites un don mensuel et connectez-vous sur notre espace donateurs: [\/vc_column_text][\/vc_column][\/vc_row][vc_row][vc_column][vc_row_inner][vc_column_inner width=\u00a0\u00bb1\/4&Prime;][vc_single_image source=\u00a0\u00bbexternal_link\u00a0\u00bb alignment=\u00a0\u00bbcenter\u00a0\u00bb custom_src=\u00a0\u00bb\/wp-content\/uploads\/2022\/02\/ZZ_moonstone_donate_en.png\u00a0\u00bb style=\u00a0\u00bbvc_box_rounded\u00a0\u00bb onclick=\u00a0\u00bbcustom_link\u00a0\u00bb link=\u00a0\u00bb?option=moonstone\u00a0\u00bb][\/vc_column_inner][vc_column_inner width=\u00a0\u00bb1\/4&Prime;][vc_single_image source=\u00a0\u00bbexternal_link\u00a0\u00bb alignment=\u00a0\u00bbcenter\u00a0\u00bb custom_src=\u00a0\u00bb\/wp-content\/uploads\/2022\/02\/ZZ_topaz_donate_en.png\u00a0\u00bb style=\u00a0\u00bbvc_box_rounded\u00a0\u00bb onclick=\u00a0\u00bbcustom_link\u00a0\u00bb link=\u00a0\u00bb?option=topaz\u00a0\u00bb][\/vc_column_inner][vc_column_inner width=\u00a0\u00bb1\/4&Prime;][vc_single_image source=\u00a0\u00bbexternal_link\u00a0\u00bb alignment=\u00a0\u00bbcenter\u00a0\u00bb custom_src=\u00a0\u00bb\/wp-content\/uploads\/2022\/02\/ZZ_sapphire_donate_en.png\u00a0\u00bb style=\u00a0\u00bbvc_box_rounded\u00a0\u00bb onclick=\u00a0\u00bbcustom_link\u00a0\u00bb link=\u00a0\u00bb?option=sapphire\u00a0\u00bb][\/vc_column_inner][vc_column_inner width=\u00a0\u00bb1\/4&Prime;][vc_single_image source=\u00a0\u00bbexternal_link\u00a0\u00bb alignment=\u00a0\u00bbcenter\u00a0\u00bb custom_src=\u00a0\u00bb\/wp-content\/uploads\/2022\/02\/ZZ_ruby_donate_en.png\u00a0\u00bb style=\u00a0\u00bbvc_box_rounded\u00a0\u00bb onclick=\u00a0\u00bbcustom_link\u00a0\u00bb link=\u00a0\u00bb?option=ruby\u00a0\u00bb][\/vc_column_inner][\/vc_row_inner][\/vc_column][\/vc_row][vc_row][vc_column width=\u00a0\u00bb1\/12&Prime;][\/vc_column][vc_column width=\u00a0\u00bb10\/12&Prime;] [\/vc_column][vc_column width=\u00a0\u00bb1\/12&Prime;][\/vc_column][\/vc_row][vc_row el_id=\u00a0\u00bbyoutubedonatevideorow\u00a0\u00bb][vc_column][vc_column_text] 100% SECURE PAYMENT [\/vc_column_text][\/vc_column][\/vc_row][vc_row el_id=\u00a0\u00bb\u00a0\u00bb][vc_column][vc_column_text] This website is 100%&hellip;<\/p>\n","protected":false},"author":1,"featured_media":0,"parent":0,"menu_order":0,"comment_status":"closed","ping_status":"closed","template":"","meta":{"footnotes":""},"class_list":["post-3799","page","type-page","status-publish","hentry"],"_links":{"self":[{"href":"https:\/\/www.renasl.org\/fr\/wp-json\/wp\/v2\/pages\/3799","targetHints":{"allow":["GET"]}}],"collection":[{"href":"https:\/\/www.renasl.org\/fr\/wp-json\/wp\/v2\/pages"}],"about":[{"href":"https:\/\/www.renasl.org\/fr\/wp-json\/wp\/v2\/types\/page"}],"author":[{"embeddable":true,"href":"https:\/\/www.renasl.org\/fr\/wp-json\/wp\/v2\/users\/1"}],"replies":[{"embeddable":true,"href":"https:\/\/www.renasl.org\/fr\/wp-json\/wp\/v2\/comments?post=3799"}],"version-history":[{"count":0,"href":"https:\/\/www.renasl.org\/fr\/wp-json\/wp\/v2\/pages\/3799\/revisions"}],"wp:attachment":[{"href":"https:\/\/www.renasl.org\/fr\/wp-json\/wp\/v2\/media?parent=3799"}],"curies":[{"name":"wp","href":"https:\/\/api.w.org\/{rel}","templated":true}]}}