{"id":3714,"date":"2017-09-13T07:24:20","date_gmt":"2017-09-13T07:24:20","guid":{"rendered":"https:\/\/www.renasl.org\/terms\/"},"modified":"2024-02-12T18:00:10","modified_gmt":"2024-02-12T12:30:10","slug":"terms","status":"publish","type":"page","link":"https:\/\/www.renasl.org\/fr\/terms\/","title":{"rendered":"Conditions G\u00e9n\u00e9rales"},"content":{"rendered":"<p>[vc_row][vc_column]\r\n\t<div class=\"fundrize-spacer clearfix\" data-desktop=\"96\" data-mobi=\"60\" data-smobi=\"60\"><\/div><div class=\"fundrize-headings clearfix text-center\" data-font=28 style=\"\"><h2 class=\"heading clearfix\" style=\"line-height:34px;font-size:28px;\">\r\n\t\tMENTIONS LEGALES\r\n\t<\/h2><\/div>\r\n\t<div class=\"fundrize-spacer clearfix\" data-desktop=\"84\" data-mobi=\"60\" data-smobi=\"60\"><\/div>[vc_column_text]<\/p>\n<h3>EDITEUR<\/h3>\n<p>Renaissance Sri Lanka<br \/>\nAssociation loi 1901 N\u00b0 W783011582<br \/>\nN\u00b0 Siret : 89395124400019<br \/>\nSi\u00e8ge social : chez Mme Cavali\u00e9, 1 rue de la Vieille Butte, Esc D, Saint-Germain-en-Laye, France.<br \/>\nT\u00e9l. : +33 1 75 26 99 04<br \/>\nEmail : <img decoding=\"async\" title=\"Renaissance Sri Lanka Email Address\" src=\"\/wp-content\/images\/helloatrenasldotorg_light.png\" \/><\/p>\n<h4>Directrice de la publication<\/h4>\n<p>Ashinsa Cavali\u00e9 Bopearachchi<\/p>\n<h3>H\u00c9BERGEMENT DU SITE<\/h3>\n<p>Nom : Accularity Solutions (Pvt) Ltd, N\u00b0 PV 234082<br \/>\nAdresse : 111\/11 Sri Soratha Mawatha, Nugegoda, Sri Lanka<br \/>\nT\u00e9l. : +94 11 364 8484<br \/>\nEmail : <img decoding=\"async\" title=\"Accularity\" src=\"\/wp-content\/images\/infoataccularitydotcom_light.png\" \/><\/p>\n<h3>PROPRI\u00c9T\u00c9 INTELLECTUELLE<\/h3>\n<p>La marque Renaissance Sri Lanka, le logo, les noms de domaine et l\u2019ensemble du site web <a href=\"https:\/\/www.renasl.org\">www.renasl.org<\/a>, ainsi que les textes et illustrations qui le composent, notamment graphiques, photographiques et multim\u00e9dia sont la propri\u00e9t\u00e9 de l\u2019association Renaissance Sri Lanka ou sont utilis\u00e9s par Renaissance Sri Lanka avec l\u2019accord des titulaires des droits d\u2019auteur ou du droit sur les marques. A ce titre, ils sont prot\u00e9g\u00e9s par la l\u00e9gislation fran\u00e7aise, communautaire et internationale relative au droit de la propri\u00e9t\u00e9 intellectuelle.<br \/>\nIl est par cons\u00e9quent interdit de reproduire, de modifier, d\u2019utiliser, de r\u00e9utiliser la marque de Renaissance Sri Lanka, son logo, le contenu du site, et le nom de domaine attach\u00e9 \u00e0 des fins publiques ou commerciales, y compris les textes, images et supports.<\/p>\n<p>Toute reproduction ou utilisation de renasl.org et\/ou des \u00e9l\u00e9ments le composant \u00e0 des fins autres, comme une utilisation publique et\/ou commerciale devra obligatoirement et pr\u00e9alablement \u00eatre autoris\u00e9e par Renaissance Sri Lanka et devra dans ce cas mentionner la source, Renaissance Sri Lanka ou le titulaire des droits de propri\u00e9t\u00e9 aff\u00e9rents.<\/p>\n<h3>D\u00c9CHARGE DE RESPONSABILIT\u00c9<\/h3>\n<p>L\u2019ensemble des donn\u00e9es, informations et publications accessibles, repr\u00e9sent\u00e9es ou t\u00e9l\u00e9chargeables \u00e0 partir du site n\u2019ont aucun caract\u00e8re exhaustif et sont communiqu\u00e9es \u00e0 titre purement informatif.<br \/>\nRenaissance Sri Lanka ne pourra en aucun cas \u00eatre tenu pour responsable au titre du contenu accessible \u00e0 partir des liens hypertextes publi\u00e9s sur le site, dans la mesure o\u00f9 ils ne sont pas sous le contr\u00f4le de Renaissance Sri Lanka.<br \/>\nRenaissance Sri Lanka d\u00e9cline par cons\u00e9quent toute responsabilit\u00e9 quant \u00e0 leur contenu.<br \/>\nRenaissance Sri Lanka d\u00e9cline \u00e9galement toute responsabilit\u00e9 en cas de difficult\u00e9 d\u2019acc\u00e8s ou d\u2019interruption dans la connexion.<br \/>\nEn outre, Renaissance Sri Lanka se r\u00e9serve le droit, pour toutes raisons et \u00e0 sa seule discr\u00e9tion, de r\u00e9silier, modifier, suspendre ou interrompre l\u2019acc\u00e8s \u00e0 tout ou partie de renasl.org, sans avis pr\u00e9alable.<br \/>\nRenaissance Sri Lanka ne pourra en aucun cas \u00eatre tenu responsable de tout dommage direct ou indirect r\u00e9sultant de l\u2019utilisation par tout utilisateur des donn\u00e9es, informations ou publications accessibles ou t\u00e9l\u00e9chargeables \u00e0 partir du site.<\/p>\n<h3>DONS EN LIGNE<\/h3>\n<h4>PAIEMENT S\u00c9CURIS\u00c9<\/h4>\n<p>Notre plateforme de don <a href=\"https:\/\/www.renasl.org\">www.renasl.org<\/a> est 100% s\u00e9curis\u00e9e.<br \/>\nToutes les informations bancaires pour traiter le paiement sont crypt\u00e9es gr\u00e2ce au protocole SSL. Elles ne sont en aucun cas conserv\u00e9es sur nos syst\u00e8mes informatiques.<\/p>\n<h4>MUTUALISATION DES DONS<\/h4>\n<p>Renaissance Sri Lanka a pour principe de ne pas affecter les dons et de mutualiser sur l\u2019ensemble de ses missions les fonds re\u00e7us. Ce principe clair permet d\u2019intervenir uniquement en fonction des besoins r\u00e9els sur le terrain et non en fonction de consid\u00e9rations financi\u00e8res ou de la forte m\u00e9diatisation de situations d\u2019urgence. Par cons\u00e9quent, si les dons re\u00e7us sont sup\u00e9rieurs aux engagements pris, ils seront r\u00e9affect\u00e9s en fonction d\u2019autres programmes.<\/p>\n<h3>CONTACT<\/h3>\n<p>Vous souhaitez nous faire part d\u2019un commentaire, une critique ou une suggestion ? Adressez-nous vos remarques par email sur notre <a href=\"\/fr\/contactez-nous\/\">formulaire de contact<\/a>.<br \/>\nVous souhaitez prendre contact avec notre service relations donateurs ? N\u2019h\u00e9sitez pas \u00e0 nous contacter par email pour toute question \u00e0 <img decoding=\"async\" title=\"Renaissance Sri Lanka Donations Email Address\" src=\"\/wp-content\/images\/donationsatrenasldotorg_light.png\" \/><\/p>\n<p>Article 2.1 Renaissance Sri Lanka est une association agr\u00e9\u00e9e au titre du don aux \u0153uvres (articles 200 et 238 bis du CGI) et est \u00e0 ce titre habilit\u00e9e \u00e0 d\u00e9livrer des re\u00e7us fiscaux ouvrant droit \u00e0 r\u00e9duction d\u2019imp\u00f4ts, dans les conditions et limites fix\u00e9es par la r\u00e9glementation en vigueur, pour les contribuables domicili\u00e9s en France. [\/vc_column_text][\/vc_column][\/vc_row][vc_row][vc_column]\r\n\t<div class=\"fundrize-spacer clearfix\" data-desktop=\"96\" data-mobi=\"60\" data-smobi=\"60\"><\/div><div class=\"fundrize-headings clearfix text-center\" data-font=28 style=\"\"><h2 class=\"heading clearfix\" style=\"line-height:34px;font-size:28px;\">\r\n\t\tCONDITIONS GENERALES D\u2019UTILISATION\r\n\t<\/h2><p class=\"sub-heading clearfix\" style=\"font-style:normal;font-size:18px;\">\r\n\t\tCONDITIONS GENERALES D\u2019UTILISATION DU SITE DE L\u2019ASSOCIATION RENAISSANCE SRI LANKA\r\n\t<\/p><\/div>\r\n\t<div class=\"fundrize-spacer clearfix\" data-desktop=\"84\" data-mobi=\"60\" data-smobi=\"60\"><\/div>[vc_column_text]Version du 6 novembre 2022<\/p>\n<p>Le pr\u00e9sent document a pour objet de d\u00e9finir les modalit\u00e9s et conditions dans lesquelles Renaissance Sri Lanka, Editeur, met \u00e0 la disposition de ses utilisateurs le site et les services disponibles sur le site ainsi que la mani\u00e8re par laquelle l\u2019utilisateur acc\u00e8de au site et utilise ses services.<br \/>\nToute connexion au site est subordonn\u00e9e au respect des pr\u00e9sentes conditions.<br \/>\nPour l\u2019utilisateur, le simple acc\u00e8s au site de l\u2019Editeur \u00e0 l\u2019adresse <a href=\"https:\/\/www.renasl.org\">www.renasl.org<\/a> implique l\u2019acceptation de l\u2019ensemble des conditions d\u00e9crites ci-apr\u00e8s.<\/p>\n<h3>ARTICLE 1 &#8211; DONN\u00c9ES PERSONNELLES<\/h3>\n<p>Renaissance Sri Lanka collecte des donn\u00e9es \u00e0 caract\u00e8re personnel dans le cadre du pr\u00e9sent Site. Les informations recueillies aupr\u00e8s des Utilisateurs et des Acheteurs sur le Site sont destin\u00e9es \u00e0 l\u2019usage exclusif Renaissance Sri Lanka.<br \/>\nRenaissance Sri Lanka ne collecte que les informations nominatives ou personnelles n\u00e9cessaires \u00e0 la bonne ex\u00e9cution des dons faits sur le Site. Le d\u00e9faut de renseignement entra\u00eene la non-validation des dons.<br \/>\nVos donn\u00e9es ne seront pas communiqu\u00e9es \u00e0 des tiers, sauf dans les cas requis par la loi.<br \/>\nAucun cookie n\u2019est collect\u00e9 si ce n\u2019est pour le fonctionnement technique du site.<br \/>\nNous respectons les pr\u00e9occupations de tout utilisateur concernant la protection de sa vie priv\u00e9e et de ses donn\u00e9es personnelles. Conform\u00e9ment aux dispositions de la loi \u00ab Informatique et Libert\u00e9s \u00bb du 6 janvier 1978 modifi\u00e9e ainsi que du R\u00e8glement (UE) 2016\/679 du Parlement europ\u00e9en et du Conseil du 27 avril 2016, l\u2019Utilisateur dispose d\u2019un droit d\u2019acc\u00e8s \u00e0 ses donn\u00e9es, d\u2019information, d\u2019opposition, de rectification, de limitation, de portabilit\u00e9 et de suppression des donn\u00e9es le concernant.<br \/>\nPour plus d\u2019informations relative au traitement de vos Donn\u00e9es Personnelles et aux droits dont vous disposez, veuillez consulter la <a href=\"\/fr\/privacy\/\">politique de confidentialit\u00e9<\/a>.<\/p>\n<p>L\u2019utilisateur peut \u00e0 tout moment mettre fin \u00e0 l\u2019abonnement \u00e0 la newsletter.<\/p>\n<h3>ARTICLE 2 &#8211; DONS ET PAIEMENTS EN LIGNE<\/h3>\n<p>Gr\u00e2ce aux services de paiements en ligne disponibles sur ce site, vous pouvez effectuer simplement et de mani\u00e8re s\u00e9curis\u00e9e des dons au profit de Renaissance Sri Lanka.<\/p>\n<h4>PAIEMENT SECURISE<\/h4>\n<p>Lorsque vous effectuez un don en ligne, vos informations bancaires ne sont en aucun cas connues par Renaissance Sri Lanka. Ces donn\u00e9es confidentielles sont trait\u00e9es automatiquement et uniquement via le programme de gestion s\u00e9curis\u00e9e de paiement en ligne, Stripe pour les dons r\u00e9currents ou Paypal pour les dons ponctuels. Vous ne devez sous aucun pr\u00e9texte communiquer les donn\u00e9es bancaires par un autre biais que celui de Stripe ou Paypal respectivement, y compris \u00e0 des personnes qui pr\u00e9tendraient faire partie de l\u2019association Renaissance Sri Lanka ou agir en son nom. En cas de doute ou pour toute question relative au paiement en ligne, contactez-nous via <a href=\"\/fr\/contactez-nous\/\">le formulaire de contact<\/a>.<\/p>\n<h3>ARTICLE 3 &#8211; CLAUSE D&rsquo;EXCLUSION DE RESPONSABILIT\u00c9<\/h3>\n<h4>L\u2019ESPACE DONATEUR<\/h4>\n<p>Toute personne physique qui fait un don mensuel ou ponctuel b\u00e9n\u00e9ficiera des avantages suivants num\u00e9rot\u00e9s de 1 \u00e0 2:<br \/>\n(1) Un seul utilisateur peut b\u00e9n\u00e9ficier de l\u2019acc\u00e8s \u00e0 l\u2019espace donateur, \u00e0 savoir le donateur, dont les informations sont soumises dans le formulaire de don.<br \/>\n(2) Des invitations \u00e0 des r\u00e9unions virtuelles avec d&rsquo;autres donateurs, via l\u2019espace donateur de Renaissance Sri Lanka ou par email.<br \/>\nNous nous r\u00e9servons le droit de supprimer les commentaires que nous consid\u00e9rons comme inappropri\u00e9s, ill\u00e9gaux ou r\u00e9pr\u00e9hensibles. Nous ne tol\u00e9rerons aucun commentaire abusif, mena\u00e7ant, vulgaire ou haineux et tout commentaire consid\u00e9r\u00e9 comme raciste, x\u00e9nophobe, politique, sexiste et homophobe sera supprim\u00e9.<\/p>\n<p>Renaissance Sri Lanka \u00e9tablit express\u00e9ment que tout commentaire raciste, x\u00e9nophobe, politique, sexiste et homophobe fait par les donateurs lors d&rsquo;un \u00e9v\u00e9nement social de Renaissance Sri Lanka sera sanctionn\u00e9 par l&rsquo;expulsion du donateur de toutes futures r\u00e9unions virtuelles avec d&rsquo;autres donateurs.<br \/>\nLe contenu de l&rsquo;opinion exprim\u00e9e par les donateurs dans toute activit\u00e9 de Renaissance Sri Lanka ne refl\u00e8te pas n\u00e9cessairement l&rsquo;opinion de l&rsquo;organisation ou de ses membres.<br \/>\nNi Renaissance Sri Lanka, ni ses membres ne sont responsables des opinions exprim\u00e9es par un donateur.<\/p>\n<p>Enfin, il est important d&rsquo;\u00e9tablir que Renaissance Sri Lanka s&rsquo;efforcera de prendre, ou de faire prendre, toutes les mesures et de faire, ou de faire faire, toutes les choses n\u00e9cessaires, appropri\u00e9es ou recommandables en vertu des lois et r\u00e8glements applicables pour se conformer \u00e0 ses obligations \u00e9tablies dans cette clause d\u2019exclusion et de non-responsabilit\u00e9.<\/p>\n<h4>DONS RECURRENTS<\/h4>\n<p>Toute personne physique, qui fait un don mensuel par le lien <a href=\"https:\/\/www.renasl.org\/donate\/\">https:\/\/www.renasl.org\/donate\/<\/a>, s\u2019engage sur une dur\u00e9e minimale de 12 mois.<br \/>\nPour les devises Euro (\u20ac), Dollar US (USD), Dollar Australien (AUD) ou Livres Sterling (GBP) :<br \/>\n\u2022 Un montant mensuel fixe de 10 dans la devise s\u00e9lectionn\u00e9e, correspond \u00e0 l&rsquo;option \u00ab Moonstone \u00bb, 20 correspond \u00e0 l\u2019option \u00ab Topaz \u00bb, 50 correspond \u00e0 l&rsquo;option \u00ab Sapphire \u00bb, les montants 100 et 500 correspondent \u00e0 l&rsquo;option \u00ab Ruby \u00bb.<br \/>\nPour la devise Roupie Sri Lankaise (LKR) :<br \/>\n\u2022 Un montant mensuel fixe de 1000 LKR correspond \u00e0 l&rsquo;option \u00ab Moonstone \u00bb, 2000 LKR correspond \u00e0 l\u2019option \u00ab Topaz \u00bb, 5000 LKR correspond \u00e0 l&rsquo;option \u00ab Sapphire \u00bb, les montants 10 000 LKR et 20 000 LKR correspondent \u00e0 l&rsquo;option \u00ab Ruby \u00bb.<br \/>\nLa personne b\u00e9n\u00e9ficiera des avantages suivants, num\u00e9rot\u00e9s de 1 \u00e0 3 :<br \/>\n(1) Un seul utilisateur peut en b\u00e9n\u00e9ficier, \u00e0 savoir le donateur, dont les informations sont soumises dans le formulaire de don.<br \/>\n(2) Un badge num\u00e9rique<br \/>\n(3) Un certificat num\u00e9rique<\/p>\n<h3>ARTICLE 4 \u2013 PROPRI\u00c9T\u00c9 INTELLECTUELLE<\/h3>\n<p>Le Site est une \u0153uvre de l\u2019esprit prot\u00e9g\u00e9e par le droit de la propri\u00e9t\u00e9 intellectuelle. Le Site et chacun des \u00e9l\u00e9ments qui le composent (tels que notamment marques, logos, photographies, images, illustrations, textes, slogans, vid\u00e9os etc.) sont la propri\u00e9t\u00e9 exclusive de Renaissance Sri Lanka, seule habilit\u00e9e \u00e0 utiliser les droits de la propri\u00e9t\u00e9 intellectuelle et droits de la personnalit\u00e9 y aff\u00e9rent.<br \/>\nToute reproduction totale ou partielle, modification ou utilisation de ces \u00e9l\u00e9ments pour quelque motif et sur quelque support que ce soit, sans accord expr\u00e8s, \u00e9crit et pr\u00e9alable de Renaissance Sri Lanka ou du titulaire des droits de propri\u00e9t\u00e9 intellectuelle concern\u00e9, est strictement interdite et serait susceptible de constituer une contrefa\u00e7on au sens des articles L 335-2 et suivants du Code de la propri\u00e9t\u00e9 intellectuelle.<br \/>\nAucune reproduction, m\u00eame partielle pr\u00e9vue \u00e0 l\u2019article L.122-5 du Code de la propri\u00e9t\u00e9 intellectuelle, ne peut \u00eatre faite de ce site sans l\u2019autorisation du directeur de publication.<br \/>\nAucun droit d\u2019utilisation ne saurait \u00eatre attribu\u00e9 sur l\u2019un des droits de propri\u00e9t\u00e9 intellectuelle figurant sur le Site. Renaissance Sri Lanka se r\u00e9serve le droit de poursuivre toute atteinte \u00e0 ses droits de propri\u00e9t\u00e9 intellectuelle.<br \/>\nLa marque CuteBert est une marque d\u00e9pos\u00e9e par Renaissance Sri Lanka. Toute repr\u00e9sentation et\/ou reproduction et\/ou exploitation partielle ou totale de la marque Renaissance Sri Lanka et de la marque CuteBert, de quelque nature que ce soit, est totalement prohib\u00e9e.<\/p>\n<h3>ARTICLE 5 &#8211; LIENS HYPERTEXTES<\/h3>\n<p>Le site Renaissance Sri Lanka peut contenir des liens hypertextes vers d\u2019autres sites pr\u00e9sents sur le r\u00e9seau Internet. Les liens vers ces autres ressources vous font quitter le site Renaissance Sri Lanka. Renaissance Sri Lanka n&rsquo;a pas examin\u00e9 ces sites dans leur int\u00e9gralit\u00e9 et n&rsquo;est pas responsable de leur contenu.<\/p>\n<p>Il est possible de cr\u00e9er un lien vers la page de pr\u00e9sentation de ce site sans autorisation expresse de Renaissance Sri Lanka. Aucune autorisation ou demande d\u2019information pr\u00e9alable ne peut \u00eatre exig\u00e9e par Renaissance Sri Lanka \u00e0 l\u2019\u00e9gard d\u2019un site qui souhaite \u00e9tablir un lien vers le site de Renaissance Sri Lanka. Il convient toutefois d\u2019afficher ce site dans une nouvelle fen\u00eatre du navigateur. Cependant, Renaissance Sri Lanka se r\u00e9serve le droit de demander la suppression d\u2019un lien qu\u2019il estime non conforme \u00e0 l\u2019objet du site Renaissance Sri Lanka et qui aurait pour cons\u00e9quence de causer un pr\u00e9judice \u00e0 l\u2019association Renaissance Sri Lanka.<\/p>\n<h3>ARTICLE 6 \u2013 RESPONSABILIT\u00c9 DE RENAISSANCE SRI LANKA<\/h3>\n<p>Les informations et\/ou documents figurant sur ce site et\/ou accessibles par ce site proviennent de sources consid\u00e9r\u00e9es comme \u00e9tant fiables.<br \/>\nToutefois, ces informations et\/ou documents sont susceptibles de contenir des inexactitudes techniques et des erreurs typographiques.<br \/>\nRenaissance Sri Lanka se r\u00e9serve le droit de les corriger, d\u00e8s que ces erreurs sont port\u00e9es \u00e0 sa connaissance.<br \/>\nIl est fortement recommand\u00e9 de v\u00e9rifier l\u2019exactitude et la pertinence des informations et\/ou documents mis \u00e0 disposition sur ce site.<br \/>\nLes informations et\/ou documents disponibles sur ce site sont susceptibles d\u2019\u00eatre modifi\u00e9s \u00e0 tout moment, et peuvent avoir fait l\u2019objet de mises \u00e0 jour. En particulier, ils peuvent avoir fait l\u2019objet d\u2019une mise \u00e0 jour entre le moment de leur t\u00e9l\u00e9chargement et celui o\u00f9 l\u2019utilisateur en prend connaissance.<br \/>\nL\u2019utilisation des informations et\/ou documents disponibles sur ce site se fait sous l\u2019enti\u00e8re et seule responsabilit\u00e9 de l\u2019utilisateur, qui assume la totalit\u00e9 des cons\u00e9quences pouvant en d\u00e9couler, sans que Renaissance Sri Lanka puisse \u00eatre recherch\u00e9 \u00e0 ce titre, et sans recours contre ce dernier.<br \/>\nRenaissance Sri Lanka ne pourra en aucun cas \u00eatre tenu responsable de tout dommage de quelque nature qu\u2019il soit r\u00e9sultant de l\u2019interpr\u00e9tation ou de l\u2019utilisation des informations et\/ou documents disponibles sur ce site.<\/p>\n<h3>ARTICLE 7 &#8211; ACCES AU SITE<\/h3>\n<p>Renaissance Sri Lanka s\u2019efforce de permettre l\u2019acc\u00e8s au site 24 heures sur 24, 7 jours sur 7, sauf en cas de force majeure ou d\u2019un \u00e9v\u00e9nement hors du contr\u00f4le de Renaissance Sri Lanka, et sous r\u00e9serve des \u00e9ventuelles pannes et interventions de maintenance n\u00e9cessaires au bon fonctionnement du site et des services.<br \/>\nPar cons\u00e9quent, Renaissance Sri Lanka ne peut garantir une disponibilit\u00e9 du site et\/ou des services, une fiabilit\u00e9 des transmissions et des performances en termes de temps de r\u00e9ponse ou de qualit\u00e9. Il n\u2019est pr\u00e9vu aucune assistance technique vis \u00e0 vis de l\u2019utilisateur que ce soit par des moyens \u00e9lectronique ou t\u00e9l\u00e9phonique.<br \/>\nLa responsabilit\u00e9 de Renaissance Sri Lanka ne saurait \u00eatre engag\u00e9e en cas d\u2019impossibilit\u00e9 d\u2019acc\u00e8s \u00e0 ce site et\/ou d\u2019utilisation des services et notamment de l\u2019espace donateur.<br \/>\nPar ailleurs, Renaissance Sri Lanka peut \u00eatre amen\u00e9 \u00e0 interrompre le site ou une partie des services, \u00e0 tout moment sans pr\u00e9avis, le tout sans droit \u00e0 indemnit\u00e9s. L\u2019utilisateur reconna\u00eet et accepte que Renaissance Sri Lanka ne soit pas responsable des interruptions, et des cons\u00e9quences qui peuvent en d\u00e9couler pour l\u2019utilisateur ou tout tiers.<\/p>\n<h3>ARTICLE 8 &#8211; MODIFICATION DES CONDITIONS D\u2019UTILISATION<\/h3>\n<p>Renaissance Sri Lanka se r\u00e9serve la possibilit\u00e9 de modifier, \u00e0 tout moment et sans pr\u00e9avis, les pr\u00e9sentes conditions d\u2019utilisation afin de les adapter aux \u00e9volutions du site et\/ou de son exploitation.<br \/>\nRenaissance Sri Lanka informera par mail l\u2019utilisateur de toute modification substantielle des pr\u00e9sentes conditions.<\/p>\n<h3>ARTICLE 9 &#8211; REGLES D&rsquo;USAGE D&rsquo;INTERNET<\/h3>\n<p>L\u2019utilisateur d\u00e9clare accepter les caract\u00e9ristiques et les limites d\u2019Internet, et notamment reconna\u00eet que :<br \/>\nRenaissance Sri Lanka n\u2019assume aucune responsabilit\u00e9 sur les services accessibles par Internet et n\u2019exerce aucun contr\u00f4le de quelque forme que ce soit sur la nature et les caract\u00e9ristiques des donn\u00e9es qui pourraient transiter par l\u2019interm\u00e9diaire de son centre serveur.<br \/>\nL\u2019utilisateur reconna\u00eet que les donn\u00e9es circulant sur Internet ne sont pas prot\u00e9g\u00e9es notamment contre les d\u00e9tournements \u00e9ventuels. La pr\u00e9sence du logo de Renaissance Sri Lanka institue une pr\u00e9somption simple de validit\u00e9. La communication de toute information jug\u00e9e par l\u2019utilisateur de nature sensible ou confidentielle se fait \u00e0 ses risques et p\u00e9rils.<br \/>\nL\u2019utilisateur reconna\u00eet que les donn\u00e9es circulant sur Internet peuvent \u00eatre r\u00e9glement\u00e9es en termes d\u2019usage ou \u00eatre prot\u00e9g\u00e9es par un droit de propri\u00e9t\u00e9.<br \/>\nL\u2019utilisateur est seul responsable de l\u2019usage des donn\u00e9es qu\u2019il consulte, interroge et transf\u00e8re sur Internet.<br \/>\nL\u2019utilisateur reconna\u00eet que Renaissance Sri Lanka ne dispose d\u2019aucun moyen de contr\u00f4le sur le contenu des services accessibles sur Internet.<\/p>\n<h3>ARTICLE 10 &#8211; DROIT APPLICABLE<\/h3>\n<p>Tant le pr\u00e9sent site que les modalit\u00e9s et conditions de son utilisation sont r\u00e9gis par le droit fran\u00e7ais, quel que soit le lieu d\u2019utilisation. En cas de contestation \u00e9ventuelle, et apr\u00e8s l\u2019\u00e9chec de toute tentative de recherche d\u2019une solution amiable, les tribunaux fran\u00e7ais seront seuls comp\u00e9tents pour conna\u00eetre de ce litige.<br \/>\nPour toute question relative aux pr\u00e9sentes conditions d\u2019utilisation du site, vous pouvez nous \u00e9crire au travers <a href=\"\/fr\/contactez-nous\/\">du formulaire de contact<\/a>.<\/p>\n<h3>ARTICLE 11 &#8211; NON-VALIDIT\u00c9 PARTIELLE<\/h3>\n<p>Si un ou plusieurs articles des pr\u00e9sentes CGU sont tenus pour non valides ou d\u00e9clar\u00e9s comme tels en application d\u2019une loi, d\u2019un r\u00e8glement ou \u00e0 la suite d\u2019une d\u00e9cision d\u00e9finitive d\u2019une juridiction comp\u00e9tente, les autres articles garderont toute leur force et leur port\u00e9e.[\/vc_column_text][\/vc_column][\/vc_row][vc_row][vc_column][vc_empty_space][\/vc_column][\/vc_row]<\/p>\n","protected":false},"excerpt":{"rendered":"<p>[vc_row][vc_column][vc_column_text] EDITEUR Renaissance Sri Lanka Association loi 1901 N\u00b0 W783011582 N\u00b0 Siret : 89395124400019 Si\u00e8ge social : chez Mme Cavali\u00e9, 1 rue de la Vieille Butte, Esc D, Saint-Germain-en-Laye, France. T\u00e9l. : +33 1 75 26 99 04 Email : Directrice de la publication Ashinsa Cavali\u00e9 Bopearachchi H\u00c9BERGEMENT DU SITE Nom : Accularity Solutions (Pvt)&hellip;<\/p>\n","protected":false},"author":1,"featured_media":0,"parent":0,"menu_order":0,"comment_status":"closed","ping_status":"closed","template":"","meta":{"footnotes":""},"class_list":["post-3714","page","type-page","status-publish","hentry"],"_links":{"self":[{"href":"https:\/\/www.renasl.org\/fr\/wp-json\/wp\/v2\/pages\/3714","targetHints":{"allow":["GET"]}}],"collection":[{"href":"https:\/\/www.renasl.org\/fr\/wp-json\/wp\/v2\/pages"}],"about":[{"href":"https:\/\/www.renasl.org\/fr\/wp-json\/wp\/v2\/types\/page"}],"author":[{"embeddable":true,"href":"https:\/\/www.renasl.org\/fr\/wp-json\/wp\/v2\/users\/1"}],"replies":[{"embeddable":true,"href":"https:\/\/www.renasl.org\/fr\/wp-json\/wp\/v2\/comments?post=3714"}],"version-history":[{"count":0,"href":"https:\/\/www.renasl.org\/fr\/wp-json\/wp\/v2\/pages\/3714\/revisions"}],"wp:attachment":[{"href":"https:\/\/www.renasl.org\/fr\/wp-json\/wp\/v2\/media?parent=3714"}],"curies":[{"name":"wp","href":"https:\/\/api.w.org\/{rel}","templated":true}]}}