{"id":3236,"date":"2017-09-01T00:14:36","date_gmt":"2017-09-01T00:14:36","guid":{"rendered":"https:\/\/www.renasl.org\/?page_id=3236"},"modified":"2021-05-12T12:20:36","modified_gmt":"2021-05-12T06:50:36","slug":"participez","status":"publish","type":"page","link":"https:\/\/www.renasl.org\/fr\/participez\/","title":{"rendered":"Participez"},"content":{"rendered":"<p>[vc_row css=\u00a0\u00bb.vc_custom_1614509976186{background-image: url(https:\/\/www.renasl.org\/wp-content\/uploads\/2021\/02\/support-us-banner-2.jpg?id=2926) !important;background-position: center !important;background-repeat: no-repeat !important;background-size: cover !important;}\u00a0\u00bb][vc_column]\r\n\t<div class=\"fundrize-spacer clearfix\" data-desktop=\"420\" data-mobi=\"100\" data-smobi=\"100\"><\/div>[vc_row_inner][vc_column_inner width=\u00a0\u00bb1\/12&Prime;][\/vc_column_inner][vc_column_inner width=\u00a0\u00bb8\/12&Prime; css=\u00a0\u00bb.vc_custom_1614431118028{border-top-width: 1px !important;border-right-width: 1px !important;border-bottom-width: 1px !important;border-left-width: 1px !important;background-color: rgba(36,109,152,0.75) !important;*background-color: rgb(36,109,152) !important;border-left-style: none !important;border-right-style: none !important;border-top-style: none !important;border-bottom-style: none !important;}\u00a0\u00bb][vc_empty_space height=\u00a0\u00bb20px\u00a0\u00bb]<div class=\"fundrize-headings clearfix text-center\"  style=\"\"><h1 class=\"heading clearfix\" style=\"color:#ffffff;margin-bottom:10px;\">\r\n\t\tL\u2019URGENCE EST AU CHANGEMENT \u00c9THIQUE\r\n\t<\/h1><div class=\"sep clearfix\" style=\"width:50px;height:1px;background-color:#ffffff;\"><\/div><p class=\"sub-heading clearfix\" style=\"font-style:normal;color:#ffffff;font-size:16px;line-height:24px;margin-top:10px;margin-bottom:20px;max-width:600px; margin-left: auto; margin-right: auto;\">\r\n\t\tSoutenez la mission de Renaissance Sri Lanka par le don.<br \/>\nUtiliser la Plateforme digitale de nos Donateurs pour construire vos projets.\r\n\t<\/p><\/div>[\/vc_column_inner][vc_column_inner width=\u00a0\u00bb3\/12&Prime;][\/vc_column_inner][\/vc_row_inner][\/vc_column][\/vc_row][vc_row full_width=\u00a0\u00bbstretch_row_content_no_spaces\u00a0\u00bb][vc_column]\r\n\t<div class=\"fundrize-spacer clearfix\" data-desktop=\"90\" data-mobi=\"40\" data-smobi=\"40\"><\/div><div class=\"fundrize-headings clearfix text-center\"  style=\"\"><h2 class=\"heading clearfix\" style=\"margin-bottom:7px;\">\r\n\t\tFAITES UN DON\r\n\t<\/h2><p class=\"sub-heading clearfix\" style=\"font-style:normal;font-size:16px;line-height:32px;max-width:600px; margin-left: auto; margin-right: auto;\">\r\n\t\tVos dons vont tr\u00e8s loin\r\n\t<\/p><\/div>\r\n\t<div class=\"fundrize-spacer clearfix\" data-desktop=\"40\" data-mobi=\"30\" data-smobi=\"30\"><\/div>[\/vc_column][\/vc_row][vc_row fullwidth=\u00a0\u00bbyes\u00a0\u00bb full_width=\u00a0\u00bbstretch_row_content_no_spaces\u00a0\u00bb css=\u00a0\u00bb.vc_custom_1609496342316{background-color: #f5f5f5 !important;}\u00a0\u00bb][vc_column width=\u00a0\u00bb4\/12&Prime;]<div class=\"fundrize-content-box clearfix \" data-margin=\"12% 13% 12% 13%\" data-mobimargin=\"7% 7% 7% 7%\">\r\n\t\t<div class=\"inner\" style=\"\">\r\n\t\t\t<div class=\"fundrize-headings clearfix \"  style=\"\"><h3 class=\"heading clearfix\" style=\"margin-bottom:7px;\">\r\n\t\tNous avons besoin de votre soutien financier\r\n\t<\/h3><p class=\"sub-heading clearfix\" style=\"font-style:normal;font-size:16px;line-height:32px;margin-bottom:23px;\">\r\n\t\tPour celles et ceux d\u2019entre vous qui vivent au Sri Lanka et \u00e0 l\u2019\u00e9tranger, qui aiment le Sri Lanka\r\n\t<\/p><\/div>\r\n\t<div class=\"fundrize-spacer clearfix\" data-desktop=\"5\" data-mobi=\"5\" data-smobi=\"5\"><\/div><div class=\"fundrize-icon-box clearfix icon-left w50 grey-outline align-left rounded-100 has-width\"><div class=\"icon-wrap\" style=\"font-size:20px;line-height:46px;\">\r\n\t\t\t\t<i class=\"fas fa-monument\"><\/i>\r\n\t\t\t<\/div> <p class=\"desc\" style=\"padding-left:80px;\">\r\n\t\t<span>Qui aiment le patrimoine du Sri Lanka et le rayonnement unique du Sri Lanka<\/span>\r\n\t<\/p><\/div>\r\n\t<div class=\"fundrize-spacer clearfix\" data-desktop=\"20\" data-mobi=\"40\" data-smobi=\"40\"><\/div><div class=\"fundrize-icon-box clearfix icon-left w50 grey-outline align-left rounded-100 has-width\"><div class=\"icon-wrap\" style=\"font-size:20px;line-height:46px;\">\r\n\t\t\t\t<i class=\"fas fa-drafting-compass\"><\/i>\r\n\t\t\t<\/div> <p class=\"desc\" style=\"padding-left:80px;\">\r\n\t\t<span>Qui souhaitent contribuer au d\u00e9veloppement du Sri Lanka pour les g\u00e9n\u00e9rations \u00e0 venir<\/span>\r\n\t<\/p><\/div>\r\n\t<div class=\"fundrize-spacer clearfix\" data-desktop=\"20\" data-mobi=\"40\" data-smobi=\"40\"><\/div><div class=\"fundrize-icon-box clearfix icon-left w50 grey-outline align-left rounded-100 has-width\"><div class=\"icon-wrap\" style=\"font-size:20px;line-height:46px;\">\r\n\t\t\t\t<i class=\"fas fa-praying-hands\"><\/i>\r\n\t\t\t<\/div> <p class=\"desc\" style=\"padding-left:80px;\">\r\n\t\t<span>Qui connaissent l\u2019urgence de changer de fa\u00e7on \u00e9thique et durable<\/span>\r\n\t<\/p><\/div>\r\n\t<div class=\"fundrize-spacer clearfix\" data-desktop=\"20\" data-mobi=\"40\" data-smobi=\"40\"><\/div><div class=\"fundrize-icon-box clearfix icon-left w50 grey-outline align-left rounded-100 has-width\"><div class=\"icon-wrap\" style=\"font-size:20px;line-height:46px;\">\r\n\t\t\t\t<i class=\"fas fa-piggy-bank\"><\/i>\r\n\t\t\t<\/div> <p class=\"desc\" style=\"padding-left:80px;\">\r\n\t\t<span>Renaissance Sri Lanka vous permet de soutenir financi\u00e8rement de tels projets.<\/span>\r\n\t<\/p><\/div>\n\r\n\t\t<\/div>\r\n\t<\/div>[\/vc_column][vc_column width=\u00a0\u00bb4\/12&Prime; css=\u00a0\u00bb.vc_custom_1614321146822{background-image: url(https:\/\/www.renasl.org\/wp-content\/uploads\/2021\/02\/support-us-hands.jpg?id=2758) !important;background-position: center !important;background-repeat: no-repeat !important;background-size: cover !important;}\u00a0\u00bb]\r\n\t<div class=\"fundrize-spacer clearfix\" data-desktop=\"600\" data-mobi=\"400\" data-smobi=\"400\"><\/div>[\/vc_column][vc_column width=\u00a0\u00bb4\/12&Prime;]<div class=\"fundrize-content-box clearfix \" data-margin=\"12% 13% 12% 13%\" data-mobimargin=\"7% 7% 7% 7%\">\r\n\t\t<div class=\"inner\" style=\"\">\r\n\t\t\t<div class=\"fundrize-headings clearfix text-right\"  style=\"\"><h3 class=\"heading clearfix\" style=\"margin-bottom:7px;\">\r\n\t\tEn reconnaissance de votre aide g\u00e9n\u00e9reuse, nous vous offrons \u00e9galement quelque chose en retour\r\n\t<\/h3><\/div>\r\n\t<div class=\"fundrize-spacer clearfix\" data-desktop=\"40\" data-mobi=\"20\" data-smobi=\"20\"><\/div><div class=\"fundrize-icon-box clearfix icon-right w50 grey-outline align-left rounded-100 has-width\"><div class=\"icon-wrap\" style=\"font-size:20px;line-height:46px;\">\r\n\t\t\t\t<i class=\"fas fa-users\"><\/i>\r\n\t\t\t<\/div> <p class=\"desc\" style=\"padding-right:85px;\">\r\n\t\t<span>\u00c0 travers notre plateforme digitale unique, nous vous permettons de cr\u00e9er des liens avec d\u2019autres donateurs sur des passions communes (arts, nourriture, musique, etc.)<\/span>\r\n\t<\/p><\/div>\r\n\t<div class=\"fundrize-spacer clearfix\" data-desktop=\"20\" data-mobi=\"40\" data-smobi=\"40\"><\/div><div class=\"fundrize-icon-box clearfix icon-right w50 grey-outline align-left rounded-100 has-width\"><div class=\"icon-wrap\" style=\"font-size:20px;line-height:46px;\">\r\n\t\t\t\t<i class=\"fas fa-seedling\"><\/i>\r\n\t\t\t<\/div> <p class=\"desc\" style=\"padding-right:85px;\">\r\n\t\t<span>Vous saisissez une opportunit\u00e9 unique de faire prosp\u00e9rer votre entreprise en trouvant de nouveaux partenaires<\/span>\r\n\t<\/p><\/div>\r\n\t<div class=\"fundrize-spacer clearfix\" data-desktop=\"20\" data-mobi=\"40\" data-smobi=\"40\"><\/div><div class=\"fundrize-icon-box clearfix icon-right w50 grey-outline align-left rounded-100 has-width\"><div class=\"icon-wrap\" style=\"font-size:20px;line-height:46px;\">\r\n\t\t\t\t<i class=\"fas fa-handshake\"><\/i>\r\n\t\t\t<\/div> <p class=\"desc\" style=\"padding-right:85px;\">\r\n\t\t<span>Vous pouvez m\u00eame lancer vos propres projets en vous liant avec d\u2019autres donateurs partageant les m\u00eames id\u00e9es au Sri Lanka et \u00e0 l\u2019\u00e9tranger.<\/span>\r\n\t<\/p><\/div>\n\r\n\t\t<\/div>\r\n\t<\/div>[\/vc_column][\/vc_row][vc_row][vc_column]\r\n\t<div class=\"fundrize-spacer clearfix\" data-desktop=\"20\" data-mobi=\"40\" data-smobi=\"40\"><\/div>[vc_column_text]Image principale \u00a9 Romolo Tavani[\/vc_column_text]\r\n\t<div class=\"fundrize-spacer clearfix\" data-desktop=\"20\" data-mobi=\"40\" data-smobi=\"40\"><\/div>[\/vc_column][\/vc_row]<\/p>\n","protected":false},"excerpt":{"rendered":"<p>[vc_row css=\u00a0\u00bb.vc_custom_1614509976186{background-image: url(https:\/\/www.renasl.org\/wp-content\/uploads\/2021\/02\/support-us-banner-2.jpg?id=2926) !important;background-position: center !important;background-repeat: no-repeat !important;background-size: cover !important;}\u00a0\u00bb][vc_column][vc_row_inner][vc_column_inner width=\u00a0\u00bb1\/12&Prime;][\/vc_column_inner][vc_column_inner width=\u00a0\u00bb8\/12&Prime; css=\u00a0\u00bb.vc_custom_1614431118028{border-top-width: 1px !important;border-right-width: 1px !important;border-bottom-width: 1px !important;border-left-width: 1px !important;background-color: rgba(36,109,152,0.75) !important;*background-color: rgb(36,109,152) !important;border-left-style: none !important;border-right-style: none !important;border-top-style: none !important;border-bottom-style: none !important;}\u00a0\u00bb][vc_empty_space height=\u00a0\u00bb20px\u00a0\u00bb][\/vc_column_inner][vc_column_inner width=\u00a0\u00bb3\/12&Prime;][\/vc_column_inner][\/vc_row_inner][\/vc_column][\/vc_row][vc_row full_width=\u00a0\u00bbstretch_row_content_no_spaces\u00a0\u00bb][vc_column][\/vc_column][\/vc_row][vc_row fullwidth=\u00a0\u00bbyes\u00a0\u00bb full_width=\u00a0\u00bbstretch_row_content_no_spaces\u00a0\u00bb css=\u00a0\u00bb.vc_custom_1609496342316{background-color: #f5f5f5 !important;}\u00a0\u00bb][vc_column width=\u00a0\u00bb4\/12&Prime;][\/vc_column][vc_column width=\u00a0\u00bb4\/12&Prime; css=\u00a0\u00bb.vc_custom_1614321146822{background-image: url(https:\/\/www.renasl.org\/wp-content\/uploads\/2021\/02\/support-us-hands.jpg?id=2758) !important;background-position: center !important;background-repeat: no-repeat !important;background-size: cover !important;}\u00a0\u00bb][\/vc_column][vc_column width=\u00a0\u00bb4\/12&Prime;][\/vc_column][\/vc_row][vc_row][vc_column][vc_column_text]Image principale \u00a9&hellip;<\/p>\n","protected":false},"author":1,"featured_media":3215,"parent":0,"menu_order":0,"comment_status":"closed","ping_status":"closed","template":"","meta":{"footnotes":""},"class_list":["post-3236","page","type-page","status-publish","has-post-thumbnail","hentry"],"_links":{"self":[{"href":"https:\/\/www.renasl.org\/fr\/wp-json\/wp\/v2\/pages\/3236","targetHints":{"allow":["GET"]}}],"collection":[{"href":"https:\/\/www.renasl.org\/fr\/wp-json\/wp\/v2\/pages"}],"about":[{"href":"https:\/\/www.renasl.org\/fr\/wp-json\/wp\/v2\/types\/page"}],"author":[{"embeddable":true,"href":"https:\/\/www.renasl.org\/fr\/wp-json\/wp\/v2\/users\/1"}],"replies":[{"embeddable":true,"href":"https:\/\/www.renasl.org\/fr\/wp-json\/wp\/v2\/comments?post=3236"}],"version-history":[{"count":0,"href":"https:\/\/www.renasl.org\/fr\/wp-json\/wp\/v2\/pages\/3236\/revisions"}],"wp:featuredmedia":[{"embeddable":true,"href":"https:\/\/www.renasl.org\/fr\/wp-json\/wp\/v2\/media\/3215"}],"wp:attachment":[{"href":"https:\/\/www.renasl.org\/fr\/wp-json\/wp\/v2\/media?parent=3236"}],"curies":[{"name":"wp","href":"https:\/\/api.w.org\/{rel}","templated":true}]}}