{"id":3148,"date":"2021-03-17T15:44:34","date_gmt":"2021-03-17T15:44:34","guid":{"rendered":"https:\/\/www.renasl.org\/?page_id=3148"},"modified":"2021-06-26T20:06:39","modified_gmt":"2021-06-26T14:36:39","slug":"kumbuk","status":"publish","type":"page","link":"https:\/\/www.renasl.org\/fr\/kumbuk\/","title":{"rendered":"Kumbuk"},"content":{"rendered":"<p>[vc_row css=\u00a0\u00bb.vc_custom_1624718197267{background-image: url(https:\/\/www.renasl.org\/wp-content\/uploads\/2021\/06\/kumbuk2.jpg?id=4167) !important;background-position: center !important;background-repeat: no-repeat !important;background-size: cover !important;}\u00a0\u00bb][vc_column]\r\n\t<div class=\"fundrize-spacer clearfix\" data-desktop=\"420\" data-mobi=\"100\" data-smobi=\"100\"><\/div>[vc_row_inner][vc_column_inner width=\u00a0\u00bb1\/12&Prime;][\/vc_column_inner][vc_column_inner width=\u00a0\u00bb8\/12&Prime; css=\u00a0\u00bb.vc_custom_1614431208236{border-top-width: 1px !important;border-right-width: 1px !important;border-bottom-width: 1px !important;border-left-width: 1px !important;background-color: rgba(36,109,152,0.75) !important;*background-color: rgb(36,109,152) !important;border-left-style: none !important;border-right-style: none !important;border-top-style: none !important;border-bottom-style: none !important;}\u00a0\u00bb][vc_empty_space height=\u00a0\u00bb20px\u00a0\u00bb]<div class=\"fundrize-headings clearfix text-center\" data-font=20 style=\"\"><h1 class=\"heading clearfix\" style=\"color:#ffffff;margin-bottom:10px;font-size:20px;\">\r\n\t\tWITH KUMBUK, BRANCH OUT\r\n\t<\/h1><div class=\"sep clearfix\" style=\"width:50px;height:1px;background-color:#ffffff;\"><\/div><p class=\"sub-heading clearfix\" style=\"font-style:normal;color:#ffffff;font-size:16px;line-height:24px;margin-top:10px;margin-bottom:20px;max-width:600px; margin-left: auto; margin-right: auto;\">\r\n\t\tDonors, use Kumbuk, your international online networking tool, for Business, Culture, and Sustainability in Sri Lanka.\r\n\t<\/p><\/div>[\/vc_column_inner][vc_column_inner width=\u00a0\u00bb3\/12&Prime;][\/vc_column_inner][\/vc_row_inner][\/vc_column][\/vc_row][vc_row full_width=\u00a0\u00bbstretch_row\u00a0\u00bb][vc_column]\r\n\t<div class=\"fundrize-spacer clearfix\" data-desktop=\"100\" data-mobi=\"60\" data-smobi=\"60\"><\/div><div class=\"fundrize-headings clearfix text-center\"  style=\"\"><h2 class=\"heading clearfix\" style=\"color:#246d98;margin-bottom:7px;\">\r\n\t\tKumbuk, un outil de mise en r\u00e9seau unique pour vous, notre donateur\r\n\t<\/h2><\/div>[vc_column_text css=\u00a0\u00bb.vc_custom_1622343512908{padding-right: 5% !important;padding-left: 5% !important;}\u00a0\u00bb]<\/p>\n<div style=\"font-size: 140%;\">\n<p style=\"text-align: center;\">Kumbuk est un outil international de mise en r\u00e9seau en ligne ax\u00e9 sur le Sri Lanka.<\/p>\n<p style=\"text-align: center;\">Vous et les autres donateurs \u00eates des Sri Lankais du Sri Lanka ou de l&rsquo;\u00e9tranger et des passionn\u00e9s du Sri Lanka du monde entier. Kumbuk vous permet de vous rencontrer virtuellement, en ligne.<\/p>\n<p style=\"text-align: center;\">Pour utiliser Kumbuk, il vous suffit d&rsquo;une connexion internet et d&rsquo;un appareil : t\u00e9l\u00e9phone mobile, ordinateur portable ou tablette.<\/p>\n<\/div>\n<p>[\/vc_column_text]\r\n\t<div class=\"fundrize-spacer clearfix\" data-desktop=\"65\" data-mobi=\"40\" data-smobi=\"40\"><\/div>[vc_single_image image=\u00a0\u00bb3846&Prime; add_caption=\u00a0\u00bbyes\u00a0\u00bb alignment=\u00a0\u00bbcenter\u00a0\u00bb]\r\n\t<div class=\"fundrize-spacer clearfix\" data-desktop=\"20\" data-mobi=\"20\" data-smobi=\"20\"><\/div><div class=\"fundrize-headings clearfix text-center\"  style=\"\"><h2 class=\"heading clearfix\" style=\"color:#246d98;margin-bottom:7px;\">\r\n\t\tVous souhaitez d\u00e9velopper votre activit\u00e9, externaliser au Sri Lanka ou investir judicieusement\r\n\t<\/h2><\/div>[vc_column_text css=\u00a0\u00bb.vc_custom_1622343528242{padding-right: 5% !important;padding-left: 5% !important;}\u00a0\u00bb]<\/p>\n<div style=\"font-size: 140%;\">\n<p style=\"text-align: center;\">Choisissez une r\u00e9union virtuelle dans la liste qui vous est r\u00e9guli\u00e8rement envoy\u00e9e par courrier \u00e9lectronique, choisissez une r\u00e9union dont le th\u00e8me est li\u00e9 \u00e0 vos projets et activit\u00e9s actuels. D&rsquo;autres donateurs choisiront la m\u00eame r\u00e9union pour des raisons identiques ou compl\u00e9mentaires aux v\u00f4tres.<\/p>\n<p>Une partie de nos donateurs sont des entrepreneurs, des PDG, des chefs des ventes, des responsables des ventes, des responsables de l&rsquo;avant-vente, des g\u00e9nies de la startup, des investisseurs, des directeurs techniques, des responsables financiers, des strat\u00e8ges commerciaux, des ing\u00e9nieurs informatiques, des responsables du marketing, des innovateurs, du Sri Lanka et de l&rsquo;\u00e9tranger.<\/p>\n<p style=\"text-align: center;\">C&rsquo;est le moyen id\u00e9al pour cr\u00e9er un r\u00e9seau.<\/p>\n<p style=\"text-align: center;\">Des r\u00e9unions d&rsquo;affaires sont organis\u00e9es sur les th\u00e8mes suivants<\/p>\n<p style=\"text-align: center;\">&#8211; Externalisation du d\u00e9veloppement de produits de startup au Sri Lanka,<br \/>\n&#8211; Services informatiques d\u00e9localis\u00e9s au Sri Lanka,<br \/>\n&#8211; Rencontrez ou pr\u00e9sentez des startups innovantes dans le domaine des technologies de l&rsquo;information et autres,<br \/>\n&#8211; Rencontrer ou pr\u00e9senter des entreprises d&rsquo;\u00e9lectronique et d&rsquo;\u00e9quipement,<br \/>\n&#8211; D\u00e9localisation de processus d&rsquo;affaires,<br \/>\n&#8211; D\u00e9localisation de productions m\u00e9diatiques, etc.<\/p>\n<p style=\"text-align: center;\">Votre recherche de partenariats, de fournisseurs, d&rsquo;investissements, d&rsquo;investisseurs ou de clients est ainsi facilit\u00e9e.<\/p>\n<\/div>\n<p>[\/vc_column_text]\r\n\t<div class=\"fundrize-spacer clearfix\" data-desktop=\"65\" data-mobi=\"40\" data-smobi=\"40\"><\/div>[vc_single_image image=\u00a0\u00bb3850&Prime; img_size=\u00a0\u00bb512&#215;341&Prime; add_caption=\u00a0\u00bbyes\u00a0\u00bb alignment=\u00a0\u00bbcenter\u00a0\u00bb]\r\n\t<div class=\"fundrize-spacer clearfix\" data-desktop=\"20\" data-mobi=\"20\" data-smobi=\"20\"><\/div><div class=\"fundrize-headings clearfix text-center\"  style=\"\"><h2 class=\"heading clearfix\" style=\"color:#246d98;margin-bottom:7px;\">\r\n\t\tVous souhaitez rencontrer d'autres personnes pour partager vos passions et vos r\u00eaves\r\n\t<\/h2><\/div>[vc_column_text css=\u00a0\u00bb.vc_custom_1622343543306{padding-right: 5% !important;padding-left: 5% !important;}\u00a0\u00bb]<\/p>\n<div style=\"font-size: 140%;\">\n<p style=\"text-align: center;\">Choisissez une r\u00e9union virtuelle dans la liste qui vous est r\u00e9guli\u00e8rement envoy\u00e9e par courrier \u00e9lectronique. Choisissez une r\u00e9union qui vous attire, par pur plaisir. D&rsquo;autres donateurs qui partagent vos passions et vos r\u00eaves s&rsquo;y connecteront \u00e9galement.<\/p>\n<p style=\"text-align: center;\">Les r\u00e9unions virtuelles sont organis\u00e9es autour de la musique, du cin\u00e9ma, de la nourriture, des arts, des voyages, etc.<\/p>\n<p style=\"text-align: center;\">Amusez-vous, trouvez de nouveaux amis, et peut-\u00eatre m\u00eame construisez-vous vos propres projets avec d&rsquo;autres donateurs.<\/p>\n<\/div>\n<p>[\/vc_column_text]\r\n\t<div class=\"fundrize-spacer clearfix\" data-desktop=\"20\" data-mobi=\"20\" data-smobi=\"20\"><\/div>[vc_single_image image=\u00a0\u00bb3844&Prime; img_size=\u00a0\u00bb512&#215;341&Prime; add_caption=\u00a0\u00bbyes\u00a0\u00bb alignment=\u00a0\u00bbcenter\u00a0\u00bb]\r\n\t<div class=\"fundrize-spacer clearfix\" data-desktop=\"20\" data-mobi=\"20\" data-smobi=\"20\"><\/div><div class=\"fundrize-headings clearfix text-center\"  style=\"\"><h2 class=\"heading clearfix\" style=\"color:#246d98;margin-bottom:7px;\">\r\n\t\tVous souhaitez vous lier autour d'une cause qui vous est ch\u00e8re\r\n\t<\/h2><\/div>\r\n\t<div class=\"fundrize-spacer clearfix\" data-desktop=\"65\" data-mobi=\"40\" data-smobi=\"40\"><\/div>[vc_column_text css=\u00a0\u00bb.vc_custom_1622343557546{padding-right: 5% !important;padding-left: 5% !important;}\u00a0\u00bb]<\/p>\n<div style=\"font-size: 140%;\">\n<p style=\"text-align: center;\">Nous organisons \u00e9galement des r\u00e9unions virtuelles pour nos donateurs autour de sujets \u00e9thiques inspir\u00e9s des 17 objectifs de d\u00e9veloppement durable adopt\u00e9s par l&rsquo;ONU.<\/p>\n<p style=\"text-align: center;\">Choisissez une r\u00e9union virtuelle dans la liste qui vous est r\u00e9guli\u00e8rement envoy\u00e9e par e-mail. Choisissez une r\u00e9union virtuelle sur une cause qui vous tient \u00e0 c\u0153ur et rencontrez d&rsquo;autres donateurs qui pensent de m\u00eame. Discutez avec eux, voyez quels projets ou initiatives vous pouvez \u00e9laborer ensemble ou vous porter volontaire.<\/p>\n<\/div>\n<p>[\/vc_column_text][vc_single_image image=\u00a0\u00bb3852&Prime; add_caption=\u00a0\u00bbyes\u00a0\u00bb alignment=\u00a0\u00bbcenter\u00a0\u00bb]<div class=\"fundrize-headings clearfix text-center\"  style=\"\"><h2 class=\"heading clearfix\" style=\"color:#246d98;margin-bottom:7px;\">\r\n\t\tLorsque vous faites un don, vous avez acc\u00e8s \u00e0 Kumbuk et \u00e0 bien d'autres choses encore\r\n\t<\/h2><\/div>\r\n\t<div class=\"fundrize-spacer clearfix\" data-desktop=\"20\" data-mobi=\"20\" data-smobi=\"20\"><\/div>[vc_column_text css=\u00a0\u00bb.vc_custom_1622343572401{padding-right: 5% !important;padding-left: 5% !important;}\u00a0\u00bb]<\/p>\n<div style=\"font-size: 140%;\">\n<p style=\"text-align: center;\">Nous proposons quatre options de dons. Il s&rsquo;agit de dons mensuels sur un engagement d&rsquo;un an. Chacune donne acc\u00e8s \u00e0 des avantages diff\u00e9rents.<\/p>\n<p style=\"text-align: center;\">Chaque don est pr\u00e9cieux pour nous, c&rsquo;est pourquoi nous leur avons donn\u00e9 le nom de c\u00e9l\u00e8bres pierres pr\u00e9cieuses du Sri Lanka.<\/p>\n<\/div>\n<p>[\/vc_column_text]\r\n\t<div class=\"fundrize-spacer clearfix\" data-desktop=\"20\" data-mobi=\"20\" data-smobi=\"20\"><\/div>[vc_row_inner][vc_column_inner width=\u00a0\u00bb1\/6&Prime;][\/vc_column_inner][vc_column_inner width=\u00a0\u00bb1\/6&Prime;][vc_single_image image=\u00a0\u00bb3896&Prime; add_caption=\u00a0\u00bbyes\u00a0\u00bb alignment=\u00a0\u00bbcenter\u00a0\u00bb css=\u00a0\u00bb.vc_custom_1622344018558{padding: 10% !important;}\u00a0\u00bb][\/vc_column_inner][vc_column_inner width=\u00a0\u00bb1\/6&Prime;][vc_single_image image=\u00a0\u00bb3900&Prime; add_caption=\u00a0\u00bbyes\u00a0\u00bb alignment=\u00a0\u00bbcenter\u00a0\u00bb][\/vc_column_inner][vc_column_inner width=\u00a0\u00bb1\/6&Prime;][vc_single_image image=\u00a0\u00bb3902&Prime; add_caption=\u00a0\u00bbyes\u00a0\u00bb alignment=\u00a0\u00bbcenter\u00a0\u00bb css=\u00a0\u00bb.vc_custom_1622344036437{padding: 10% !important;}\u00a0\u00bb][\/vc_column_inner][vc_column_inner width=\u00a0\u00bb1\/6&Prime;][vc_single_image image=\u00a0\u00bb3898&Prime; add_caption=\u00a0\u00bbyes\u00a0\u00bb alignment=\u00a0\u00bbcenter\u00a0\u00bb css=\u00a0\u00bb.vc_custom_1622344051461{padding: 10% !important;}\u00a0\u00bb][\/vc_column_inner][vc_column_inner width=\u00a0\u00bb1\/6&Prime;][\/vc_column_inner][\/vc_row_inner][vc_column_text css=\u00a0\u00bb.vc_custom_1622343583568{padding-right: 5% !important;padding-left: 5% !important;}\u00a0\u00bb]<\/p>\n<p style=\"text-align: center;\"><em>Les quatre options de don de Renaissance Sri Lanka \u00a9 Renaissance Sri Lanka<\/em><\/p>\n<p>[\/vc_column_text]\r\n\t<div class=\"fundrize-spacer clearfix\" data-desktop=\"20\" data-mobi=\"20\" data-smobi=\"20\"><\/div>[vc_column_text css=\u00a0\u00bb.vc_custom_1622343600257{padding-right: 5% !important;padding-left: 5% !important;}\u00a0\u00bb]<\/p>\n<div style=\"font-size: 140%;\">\n<p style=\"text-align: center;\">Lorsque vous faites un don, vous b\u00e9n\u00e9ficiez de Kumbuk, notre outil de mise en r\u00e9seau, mais aussi:<\/p>\n<p style=\"text-align: center;\">&#8211; Vous obtenez un badge \u00e9lectronique et un certificat nominatif,<br \/>\n&#8211; Vous avez acc\u00e8s \u00e0 notre programme de webinaires,<br \/>\n&#8211; Vous avez un acc\u00e8s permanent au contenu culturel et de divertissement sur notre site web,<br \/>\n&#8211; Vous avez un acc\u00e8s permanent \u00e0 des informations commerciales sur le Sri Lanka sur notre site web, qui vous aideront \u00e0 construire vos propres dossiers commerciaux et \u00e0 obtenir de nombreuses informations utiles.<\/p>\n<\/div>\n<p>[\/vc_column_text]\r\n\t<div class=\"fundrize-spacer clearfix\" data-desktop=\"20\" data-mobi=\"20\" data-smobi=\"20\"><\/div>[vc_column_text css=\u00a0\u00bb.vc_custom_1622343614761{padding-right: 5% !important;padding-left: 5% !important;}\u00a0\u00bb]<\/p>\n<div style=\"font-size: 140%;\">\n<p style=\"text-align: center;\">Rejoignez Kumbuk, faites un don maintenant.<\/p>\n<\/div>\n<p>[\/vc_column_text]\r\n\t<div class=\"fundrize-spacer clearfix\" data-desktop=\"100\" data-mobi=\"60\" data-smobi=\"60\"><\/div>[\/vc_column][\/vc_row]<\/p>\n","protected":false},"excerpt":{"rendered":"<p>[vc_row css=\u00a0\u00bb.vc_custom_1624718197267{background-image: url(https:\/\/www.renasl.org\/wp-content\/uploads\/2021\/06\/kumbuk2.jpg?id=4167) !important;background-position: center !important;background-repeat: no-repeat !important;background-size: cover !important;}\u00a0\u00bb][vc_column][vc_row_inner][vc_column_inner width=\u00a0\u00bb1\/12&Prime;][\/vc_column_inner][vc_column_inner width=\u00a0\u00bb8\/12&Prime; css=\u00a0\u00bb.vc_custom_1614431208236{border-top-width: 1px !important;border-right-width: 1px !important;border-bottom-width: 1px !important;border-left-width: 1px !important;background-color: rgba(36,109,152,0.75) !important;*background-color: rgb(36,109,152) !important;border-left-style: none !important;border-right-style: none !important;border-top-style: none !important;border-bottom-style: none !important;}\u00a0\u00bb][vc_empty_space height=\u00a0\u00bb20px\u00a0\u00bb][\/vc_column_inner][vc_column_inner width=\u00a0\u00bb3\/12&Prime;][\/vc_column_inner][\/vc_row_inner][\/vc_column][\/vc_row][vc_row full_width=\u00a0\u00bbstretch_row\u00a0\u00bb][vc_column][vc_column_text css=\u00a0\u00bb.vc_custom_1622343512908{padding-right: 5% !important;padding-left: 5% !important;}\u00a0\u00bb] Kumbuk est un outil international de mise en r\u00e9seau en ligne ax\u00e9 sur le&hellip;<\/p>\n","protected":false},"author":1,"featured_media":0,"parent":0,"menu_order":0,"comment_status":"closed","ping_status":"closed","template":"","meta":{"footnotes":""},"class_list":["post-3148","page","type-page","status-publish","hentry"],"_links":{"self":[{"href":"https:\/\/www.renasl.org\/fr\/wp-json\/wp\/v2\/pages\/3148","targetHints":{"allow":["GET"]}}],"collection":[{"href":"https:\/\/www.renasl.org\/fr\/wp-json\/wp\/v2\/pages"}],"about":[{"href":"https:\/\/www.renasl.org\/fr\/wp-json\/wp\/v2\/types\/page"}],"author":[{"embeddable":true,"href":"https:\/\/www.renasl.org\/fr\/wp-json\/wp\/v2\/users\/1"}],"replies":[{"embeddable":true,"href":"https:\/\/www.renasl.org\/fr\/wp-json\/wp\/v2\/comments?post=3148"}],"version-history":[{"count":0,"href":"https:\/\/www.renasl.org\/fr\/wp-json\/wp\/v2\/pages\/3148\/revisions"}],"wp:attachment":[{"href":"https:\/\/www.renasl.org\/fr\/wp-json\/wp\/v2\/media?parent=3148"}],"curies":[{"name":"wp","href":"https:\/\/api.w.org\/{rel}","templated":true}]}}