{"id":3088,"date":"2021-03-13T12:39:29","date_gmt":"2021-03-13T12:39:29","guid":{"rendered":"https:\/\/www.renasl.org\/about-us\/notre-fonctionnement\/"},"modified":"2023-01-26T17:51:17","modified_gmt":"2023-01-26T12:21:17","slug":"notre-fonctionnement","status":"publish","type":"page","link":"https:\/\/www.renasl.org\/fr\/a-propos-de-nous\/notre-fonctionnement\/","title":{"rendered":"Notre Fonctionnement"},"content":{"rendered":"<p>[vc_row full_width=\u00a0\u00bbstretch_row\u00a0\u00bb css=\u00a0\u00bb.vc_custom_1503892047515{background-position: 0 0 !important;background-repeat: repeat !important;}\u00a0\u00bb][vc_column]\r\n\t<div class=\"fundrize-spacer clearfix\" data-desktop=\"104\" data-mobi=\"60\" data-smobi=\"60\"><\/div><div class=\"fundrize-headings clearfix text-center\"  style=\"\"><h2 class=\"heading clearfix\" style=\"margin-bottom:7px;\">\r\n\t\tNOTRE FONCTIONNEMENT\r\n\t<\/h2><p class=\"sub-heading clearfix\" style=\"font-style:normal;font-size:16px;line-height:32px;max-width:600px; margin-left: auto; margin-right: auto;\">\r\n\t\tNotre structure de gouvernance est \u00e9volutive, rapide et efficace. En m\u00eame temps, nous sommes des fans de SAFe\u00ae et d'Agile. Nous avons quatre flux de valeurs que nous choyons. Cela nous aide \u00e0 \u00eatre plus innovants, plus coop\u00e9ratifs, plus autonomes pour nos membres, notre personnel et nos partenaires, et plus flexibles. Nous le faisons dans tous nos flux de valeurs interconnect\u00e9s, et m\u00eame dans ceux qui n'impliquent aucun d\u00e9veloppement informatique.\r\n\t<\/p><\/div>\r\n\t<div class=\"fundrize-spacer clearfix\" data-desktop=\"43\" data-mobi=\"30\" data-smobi=\"30\"><\/div>\r\n\t<div class=\"fundrize-spacer clearfix\" data-desktop=\"43\" data-mobi=\"30\" data-smobi=\"30\"><\/div><div class=\"fundrize-headings clearfix text-center\"  style=\"\"><h4 class=\"heading clearfix\" style=\"margin-bottom:7px;\">\r\n\t\tNos flux de valeur\r\n\t<\/h4><\/div>\r\n\t<div class=\"fundrize-spacer clearfix\" data-desktop=\"43\" data-mobi=\"30\" data-smobi=\"30\"><\/div>[vc_row_inner][vc_column_inner width=\u00a0\u00bb1\/2&Prime;]<div class=\"fundrize-icon-box clearfix icon-left w85 grey-outline align-left rounded-100 has-width\"><div class=\"icon-wrap\" style=\"line-height:81px;\">\r\n\t\t\t\t<i class=\"fas fa-fist-raised\"><\/i>\r\n\t\t\t<\/div> <h3 class=\"heading\" style=\"padding-left:103px;font-size:22px;line-height:26px;margin-top:36px;margin-bottom:20px;\">\r\n\t\t<a target=\"_self\" href=\"#\">\r\n\t\t\t<span>Emanciper nos donateurs<\/span>\r\n\t\t<\/a>\r\n\t<\/h3><\/div>\r\n\t<div class=\"fundrize-spacer clearfix\" data-desktop=\"43\" data-mobi=\"30\" data-smobi=\"30\"><\/div><div class=\"fundrize-icon-box clearfix icon-left w85 grey-outline align-left rounded-100 has-width\"><div class=\"icon-wrap\" style=\"line-height:81px;\">\r\n\t\t\t\t<i class=\"fas fa-satellite-dish\"><\/i>\r\n\t\t\t<\/div> <h3 class=\"heading\" style=\"padding-left:103px;font-size:22px;line-height:26px;margin-top:36px;margin-bottom:20px;\">\r\n\t\t<a target=\"_self\" href=\"#\">\r\n\t\t\t<span>Promouvoir et communiquer<\/span>\r\n\t\t<\/a>\r\n\t<\/h3><\/div>[\/vc_column_inner][vc_column_inner width=\u00a0\u00bb1\/2&Prime;]<div class=\"fundrize-icon-box clearfix icon-left w85 grey-outline align-left rounded-100 has-width\"><div class=\"icon-wrap\" style=\"line-height:81px;\">\r\n\t\t\t\t<i class=\"fas fa-hands-helping\"><\/i>\r\n\t\t\t<\/div> <h3 class=\"heading\" style=\"padding-left:103px;font-size:22px;line-height:26px;margin-top:36px;margin-bottom:20px;\">\r\n\t\t<a target=\"_self\" href=\"#\">\r\n\t\t\t<span>Emanciper Sri Lanka<\/span>\r\n\t\t<\/a>\r\n\t<\/h3><\/div>\r\n\t<div class=\"fundrize-spacer clearfix\" data-desktop=\"43\" data-mobi=\"30\" data-smobi=\"30\"><\/div><div class=\"fundrize-icon-box clearfix icon-left w85 grey-outline align-left rounded-100 has-width\"><div class=\"icon-wrap\" style=\"line-height:81px;\">\r\n\t\t\t\t<i class=\"fas fa-gavel\"><\/i>\r\n\t\t\t<\/div> <h3 class=\"heading\" style=\"padding-left:103px;font-size:22px;line-height:26px;margin-top:36px;margin-bottom:20px;\">\r\n\t\t<a target=\"_self\" href=\"#\">\r\n\t\t\t<span>Administrer l'organisation de RSL<\/span>\r\n\t\t<\/a>\r\n\t<\/h3><\/div>[\/vc_column_inner][\/vc_row_inner]\r\n\t<div class=\"fundrize-spacer clearfix\" data-desktop=\"95\" data-mobi=\"50\" data-smobi=\"50\"><\/div>[\/vc_column][\/vc_row][vc_row full_width=\u00a0\u00bbstretch_row\u00a0\u00bb css=\u00a0\u00bb.vc_custom_1503892047515{background-position: 0 0 !important;background-repeat: repeat !important;}\u00a0\u00bb][vc_column]\r\n\t<div class=\"fundrize-spacer clearfix\" data-desktop=\"104\" data-mobi=\"60\" data-smobi=\"60\"><\/div><div class=\"fundrize-headings clearfix text-center\"  style=\"\"><h2 class=\"heading clearfix\" style=\"margin-bottom:7px;\">\r\n\t\tNOTRE STRUCTURE\r\n\t<\/h2><p class=\"sub-heading clearfix\" style=\"font-style:normal;font-size:16px;line-height:32px;max-width:600px; margin-left: auto; margin-right: auto;\">\r\n\t\tLes co-fondateurs\r\n\t<\/p><\/div>\r\n\t<div class=\"fundrize-spacer clearfix\" data-desktop=\"43\" data-mobi=\"30\" data-smobi=\"30\"><\/div>[vc_row_inner][vc_column_inner width=\u00a0\u00bb1\/4&Prime;][\/vc_column_inner][vc_column_inner width=\u00a0\u00bb1\/4&Prime;]<div class=\"fundrize-testimonials clearfix image-circle\">\r\n        <div class=\"item\" style=\"padding-top:51px;\">\r\n            <div class=\"inner\"><div class=\"thumb\" style=\"width:102px; height:102px;\"><img loading=\"lazy\" decoding=\"async\" width=\"485\" height=\"485\" src=\"https:\/\/www.renasl.org\/wp-content\/uploads\/2021\/02\/ashinsabc.jpg\" class=\"attachment-full size-full\" alt=\"ashinsabc\" srcset=\"https:\/\/www.renasl.org\/wp-content\/uploads\/2021\/02\/ashinsabc.jpg 485w, https:\/\/www.renasl.org\/wp-content\/uploads\/2021\/02\/ashinsabc-100x100.jpg 100w, https:\/\/www.renasl.org\/wp-content\/uploads\/2021\/02\/ashinsabc-300x300.jpg 300w, https:\/\/www.renasl.org\/wp-content\/uploads\/2021\/02\/ashinsabc-150x150.jpg 150w, https:\/\/www.renasl.org\/wp-content\/uploads\/2021\/02\/ashinsabc-400x400.jpg 400w, https:\/\/www.renasl.org\/wp-content\/uploads\/2021\/02\/ashinsabc-480x480.jpg 480w, https:\/\/www.renasl.org\/wp-content\/uploads\/2021\/02\/ashinsabc-160x160.jpg 160w\" sizes=\"auto, (max-width: 485px) 100vw, 485px\" \/><\/div> <blockquote class=\"text\" style=\"font-style:normal;background-color: #f6f6f6;color: #999999;padding:75px 40px 36px 40px;font-size:16px;line-height:16px;\">\r\n\t<div class=\"name-pos\" style=\"\"><h6 class=\"name\" style=\"font-size:16px;\">Mrs. Ashinsa Bopearachchi<\/h6> <span class=\"position\" style=\"padding-left: 5px;font-size:14px;\">Pr\u00e9sidente &amp; Directrice Ex\u00e9citive de Renaissance Sri Lanka<\/span><\/div>\r\n\t<\/blockquote><\/div>\r\n        <\/div>\r\n    <\/div>[\/vc_column_inner][vc_column_inner width=\u00a0\u00bb1\/4&Prime;]<div class=\"fundrize-testimonials clearfix image-circle\">\r\n        <div class=\"item\" style=\"padding-top:51px;\">\r\n            <div class=\"inner\"><div class=\"thumb\" style=\"width:102px; height:102px;\"><img loading=\"lazy\" decoding=\"async\" width=\"234\" height=\"234\" src=\"https:\/\/www.renasl.org\/wp-content\/uploads\/2021\/02\/nevillw.jpg\" class=\"attachment-full size-full\" alt=\"nevillw\" srcset=\"https:\/\/www.renasl.org\/wp-content\/uploads\/2021\/02\/nevillw.jpg 234w, https:\/\/www.renasl.org\/wp-content\/uploads\/2021\/02\/nevillw-100x100.jpg 100w, https:\/\/www.renasl.org\/wp-content\/uploads\/2021\/02\/nevillw-150x150.jpg 150w, https:\/\/www.renasl.org\/wp-content\/uploads\/2021\/02\/nevillw-160x160.jpg 160w\" sizes=\"auto, (max-width: 234px) 100vw, 234px\" \/><\/div> <blockquote class=\"text\" style=\"font-style:normal;background-color: #f6f6f6;color: #999999;padding:75px 40px 36px 40px;font-size:16px;line-height:16px;\">\r\n\t<div class=\"name-pos\" style=\"\"><h6 class=\"name\" style=\"font-size:16px;\">Mr. Neville Weerasinghe<\/h6> <span class=\"position\" style=\"padding-left: 5px;font-size:14px;\">Directeur Ex\u00e9cutif de notre partenaire principal Empowered Sri Lanka<\/span><\/div>\r\n\t<\/blockquote><\/div>\r\n        <\/div>\r\n    <\/div>[\/vc_column_inner][vc_column_inner width=\u00a0\u00bb1\/4&Prime;][\/vc_column_inner][\/vc_row_inner]\r\n\t<div class=\"fundrize-spacer clearfix\" data-desktop=\"43\" data-mobi=\"30\" data-smobi=\"30\"><\/div><div class=\"fundrize-headings clearfix text-center\"  style=\"\"><p class=\"sub-heading clearfix\" style=\"font-style:normal;font-size:16px;line-height:32px;max-width:600px; margin-left: auto; margin-right: auto;\">\r\n\t\tEt bien d'autres encore, b\u00e9n\u00e9voles, employ\u00e9s, membres, partenaires, que nous remercions pour leur d\u00e9vouement, leur bon c\u0153ur et leurs formidables comp\u00e9tences. Ensemble, nous sommes et ensemble, nous sommes plus forts.\r\n\t<\/p><\/div>\r\n\t<div class=\"fundrize-spacer clearfix\" data-desktop=\"95\" data-mobi=\"50\" data-smobi=\"50\"><\/div>[\/vc_column][\/vc_row][vc_row fullwidth=\u00a0\u00bbyes\u00a0\u00bb full_width=\u00a0\u00bbstretch_row_content_no_spaces\u00a0\u00bb css=\u00a0\u00bb.vc_custom_1609496342316{background-color: #f5f5f5 !important;}\u00a0\u00bb][vc_column width=\u00a0\u00bb1\/2&Prime;]<div class=\"fundrize-content-box clearfix \" data-margin=\"12% 13% 12% 13%\" data-mobimargin=\"7% 7% 7% 7%\">\r\n\t\t<div class=\"inner\" style=\"\">\r\n\t\t\t<div class=\"fundrize-headings clearfix text-right\"  style=\"\"><p class=\"sub-heading clearfix\" style=\"font-style:normal;font-size:16px;line-height:32px;margin-bottom:23px;\">\r\n\t\tSi vous souhaitez savoir quelle est notre structure de gouvernance \u00e9volutive, eh bien, c'est une structure classique mais tr\u00e8s efficace. Nous avons ajout\u00e9 un conseil de l'innovation qui veille \u00e0 ce que nous innovions et nous am\u00e9liorions constamment dans tous les domaines, avec des id\u00e9es venant de l'int\u00e9rieur et de l'ext\u00e9rieur. Nous acceptons les id\u00e9es de chacun, quelle que soit sa position dans la hi\u00e9rarchie formelle ou informelle.\r\n\t<\/p><\/div>\n\r\n\t\t<\/div>\r\n\t<\/div>[\/vc_column][vc_column width=\u00a0\u00bb1\/2&Prime; css=\u00a0\u00bb.vc_custom_1614438612154{background-image: url(https:\/\/www.renasl.org\/wp-content\/uploads\/2021\/02\/how-we-are-run-banner.jpg?id=2826) !important;background-position: center !important;background-repeat: no-repeat !important;background-size: cover !important;}\u00a0\u00bb]\r\n\t<div class=\"fundrize-spacer clearfix\" data-desktop=\"530\" data-mobi=\"300\" data-smobi=\"300\"><\/div>[\/vc_column][\/vc_row][vc_row][vc_column]\r\n\t<div class=\"fundrize-spacer clearfix\" data-desktop=\"90\" data-mobi=\"60\" data-smobi=\"60\"><\/div><div class=\"fundrize-headings clearfix text-center\"  style=\"\"><h2 class=\"heading clearfix\" style=\"margin-bottom:7px;\">\r\n\t\tNOTRE STRUCTURE DE GOUVERNANCE\r\n\t<\/h2><p class=\"sub-heading clearfix\" style=\"font-style:normal;font-size:16px;line-height:32px;max-width:600px; margin-left: auto; margin-right: auto;\">\r\n\t\tComment nous sommes dirig\u00e9s\r\n\t<\/p><\/div>\r\n\t<div class=\"fundrize-spacer clearfix\" data-desktop=\"43\" data-mobi=\"30\" data-smobi=\"30\"><\/div>[vc_row_inner][vc_column_inner width=\u00a0\u00bb1\/6&Prime;][\/vc_column_inner][vc_column_inner width=\u00a0\u00bb4\/6&Prime;][vc_single_image image=\u00a0\u00bb3201&Prime; alignment=\u00a0\u00bbcenter\u00a0\u00bb][\/vc_column_inner][vc_column_inner width=\u00a0\u00bb1\/6&Prime;][\/vc_column_inner][\/vc_row_inner]\r\n\t<div class=\"fundrize-spacer clearfix\" data-desktop=\"100\" data-mobi=\"60\" data-smobi=\"60\"><\/div>[\/vc_column][\/vc_row]<\/p>\n","protected":false},"excerpt":{"rendered":"<p>[vc_row full_width=\u00a0\u00bbstretch_row\u00a0\u00bb css=\u00a0\u00bb.vc_custom_1503892047515{background-position: 0 0 !important;background-repeat: repeat !important;}\u00a0\u00bb][vc_column][vc_row_inner][vc_column_inner width=\u00a0\u00bb1\/2&Prime;][\/vc_column_inner][vc_column_inner width=\u00a0\u00bb1\/2&Prime;][\/vc_column_inner][\/vc_row_inner][\/vc_column][\/vc_row][vc_row full_width=\u00a0\u00bbstretch_row\u00a0\u00bb css=\u00a0\u00bb.vc_custom_1503892047515{background-position: 0 0 !important;background-repeat: repeat !important;}\u00a0\u00bb][vc_column][vc_row_inner][vc_column_inner width=\u00a0\u00bb1\/4&Prime;][\/vc_column_inner][vc_column_inner width=\u00a0\u00bb1\/4&Prime;][\/vc_column_inner][vc_column_inner width=\u00a0\u00bb1\/4&Prime;][\/vc_column_inner][vc_column_inner width=\u00a0\u00bb1\/4&Prime;][\/vc_column_inner][\/vc_row_inner][\/vc_column][\/vc_row][vc_row fullwidth=\u00a0\u00bbyes\u00a0\u00bb full_width=\u00a0\u00bbstretch_row_content_no_spaces\u00a0\u00bb css=\u00a0\u00bb.vc_custom_1609496342316{background-color: #f5f5f5 !important;}\u00a0\u00bb][vc_column width=\u00a0\u00bb1\/2&Prime;][\/vc_column][vc_column width=\u00a0\u00bb1\/2&Prime; css=\u00a0\u00bb.vc_custom_1614438612154{background-image: url(https:\/\/www.renasl.org\/wp-content\/uploads\/2021\/02\/how-we-are-run-banner.jpg?id=2826) !important;background-position: center !important;background-repeat: no-repeat !important;background-size: cover !important;}\u00a0\u00bb][\/vc_column][\/vc_row][vc_row][vc_column][vc_row_inner][vc_column_inner width=\u00a0\u00bb1\/6&Prime;][\/vc_column_inner][vc_column_inner width=\u00a0\u00bb4\/6&Prime;][vc_single_image image=\u00a0\u00bb3201&Prime; alignment=\u00a0\u00bbcenter\u00a0\u00bb][\/vc_column_inner][vc_column_inner width=\u00a0\u00bb1\/6&Prime;][\/vc_column_inner][\/vc_row_inner][\/vc_column][\/vc_row]<\/p>\n","protected":false},"author":1,"featured_media":0,"parent":3055,"menu_order":0,"comment_status":"closed","ping_status":"closed","template":"","meta":{"footnotes":""},"class_list":["post-3088","page","type-page","status-publish","hentry"],"_links":{"self":[{"href":"https:\/\/www.renasl.org\/fr\/wp-json\/wp\/v2\/pages\/3088","targetHints":{"allow":["GET"]}}],"collection":[{"href":"https:\/\/www.renasl.org\/fr\/wp-json\/wp\/v2\/pages"}],"about":[{"href":"https:\/\/www.renasl.org\/fr\/wp-json\/wp\/v2\/types\/page"}],"author":[{"embeddable":true,"href":"https:\/\/www.renasl.org\/fr\/wp-json\/wp\/v2\/users\/1"}],"replies":[{"embeddable":true,"href":"https:\/\/www.renasl.org\/fr\/wp-json\/wp\/v2\/comments?post=3088"}],"version-history":[{"count":0,"href":"https:\/\/www.renasl.org\/fr\/wp-json\/wp\/v2\/pages\/3088\/revisions"}],"up":[{"embeddable":true,"href":"https:\/\/www.renasl.org\/fr\/wp-json\/wp\/v2\/pages\/3055"}],"wp:attachment":[{"href":"https:\/\/www.renasl.org\/fr\/wp-json\/wp\/v2\/media?parent=3088"}],"curies":[{"name":"wp","href":"https:\/\/api.w.org\/{rel}","templated":true}]}}