{"id":3050,"date":"2017-09-13T07:12:23","date_gmt":"2017-09-13T07:12:23","guid":{"rendered":"https:\/\/www.renasl.org\/qui-nous-sommes\/"},"modified":"2021-05-30T08:43:35","modified_gmt":"2021-05-30T03:13:35","slug":"qui-nous-sommes","status":"publish","type":"page","link":"https:\/\/www.renasl.org\/fr\/a-propos-de-nous\/qui-nous-sommes\/","title":{"rendered":"Qui Nous Sommes"},"content":{"rendered":"<p>[vc_row][vc_column]\r\n\t<div class=\"fundrize-spacer clearfix\" data-desktop=\"90\" data-mobi=\"60\" data-smobi=\"60\"><\/div><div class=\"fundrize-headings clearfix text-center\"  style=\"\"><h2 class=\"heading clearfix\" style=\"margin-bottom:7px;\">\r\n\t\tQUI NOUS SOMMES\r\n\t<\/h2><p class=\"sub-heading clearfix\" style=\"font-style:normal;font-size:16px;line-height:32px;max-width:600px; margin-left: auto; margin-right: auto;\">\r\n\t\tNous sommes des amoureux du Sri Lanka qui soutenons Sri Lanka pour le rendre plus fort\r\n\t<\/p><\/div>\r\n\t<div class=\"fundrize-spacer clearfix\" data-desktop=\"90\" data-mobi=\"40\" data-smobi=\"40\"><\/div>[\/vc_column][\/vc_row][vc_row parallax=\u00a0\u00bbcontent-moving\u00a0\u00bb parallax_speed_bg=\u00a0\u00bb1.1&Prime; full_width=\u00a0\u00bbstretch_row\u00a0\u00bb css=\u00a0\u00bb.vc_custom_1614325196152{background-image: url(https:\/\/www.renasl.org\/wp-content\/uploads\/2021\/02\/who-we-are-banner.jpg?id=2791) !important;background-position: center;background-repeat: no-repeat !important;background-size: cover !important;}\u00a0\u00bb][vc_column]\r\n\t<div class=\"fundrize-spacer clearfix\" data-desktop=\"90\" data-mobi=\"60\" data-smobi=\"60\"><\/div>[vc_row_inner css=\u00a0\u00bb.vc_custom_1622344375769{padding-top: 1% !important;padding-right: 1% !important;padding-bottom: 1% !important;padding-left: 1% !important;}\u00a0\u00bb][vc_column_inner css=\u00a0\u00bb.vc_custom_1622344393368{border-top-width: 2px !important;border-right-width: 2px !important;border-bottom-width: 2px !important;border-left-width: 2px !important;padding-top: 3% !important;padding-right: 3% !important;padding-bottom: 3% !important;padding-left: 3% !important;background-color: rgba(0,0,0,0.7) !important;*background-color: rgb(0,0,0) !important;border-left-color: #0a0a0a !important;border-left-style: solid !important;border-right-color: #0a0a0a !important;border-right-style: solid !important;border-top-color: #0a0a0a !important;border-top-style: solid !important;border-bottom-color: #0a0a0a !important;border-bottom-style: solid !important;border-radius: 5px !important;}\u00a0\u00bb][vc_empty_space][vc_column_text css=\u00a0\u00bb.vc_custom_1622344413092{padding-right: 2% !important;padding-left: 2% !important;}\u00a0\u00bb]<\/p>\n<div style=\"font-size: 140%;\">\n<p style=\"text-align: center;\"><span style=\"color: #ffffff;\">Renaissance Sri Lanka est une organisation humanitaire qui a \u00e9t\u00e9 fond\u00e9e par des Sri Lankais et des passionn\u00e9s du Sri Lanka, d\u00e9but 2021.<\/span><\/p>\n<p style=\"text-align: center;\"><span style=\"color: #ffffff;\">Nous valorisons l&rsquo;h\u00e9ritage et les succ\u00e8s actuels du Sri Lanka.<\/span><\/p>\n<p style=\"text-align: center;\"><span style=\"color: #ffffff;\">Les donateurs donnent avec fiert\u00e9, pour soutenir nos missions d&rsquo;\u00e9l\u00e9vation du pays et de facilitation des opportunit\u00e9s \u00e9conomiques<br \/>\n<\/span><\/p>\n<\/div>\n<p>[\/vc_column_text][vc_empty_space][\/vc_column_inner][\/vc_row_inner]\r\n\t<div class=\"fundrize-spacer clearfix\" data-desktop=\"90\" data-mobi=\"60\" data-smobi=\"60\"><\/div>[\/vc_column][\/vc_row][vc_row disable_element=\u00a0\u00bbyes\u00a0\u00bb][vc_column]\r\n\t<div class=\"fundrize-spacer clearfix\" data-desktop=\"90\" data-mobi=\"60\" data-smobi=\"60\"><\/div>[vc_column_text css=\u00a0\u00bb.vc_custom_1614326590218{border-top-width: 2px !important;border-bottom-width: 2px !important;padding-top: 50px !important;padding-right: 250px !important;padding-bottom: 50px !important;padding-left: 250px !important;border-top-color: #fcd824 !important;border-top-style: solid !important;border-bottom-color: #fcd824 !important;border-bottom-style: solid !important;border-radius: 5px !important;}\u00a0\u00bb]<\/p>\n<p style=\"text-align: center;\"><strong><span style=\"color: #246d98;\">Our teams are spread out across all continents, much to the image of the Sri Lankans\u2019 and Sri Lanka lovers\u2019 presence on this planet. \ud83d\ude09<\/span><\/strong><\/p>\n<p style=\"text-align: center;\"><strong><span style=\"color: #246d98;\">Renaissance Sri Lanka was founded by Sri Lankans and Sri Lanka lovers, some living abroad, some living in Sri Lanka.<\/span><\/strong><\/p>\n<p>[\/vc_column_text]\r\n\t<div class=\"fundrize-spacer clearfix\" data-desktop=\"100\" data-mobi=\"60\" data-smobi=\"60\"><\/div>\r\n\t<div class=\"fundrize-spacer clearfix\" data-desktop=\"90\" data-mobi=\"60\" data-smobi=\"60\"><\/div>[\/vc_column][\/vc_row][vc_row][vc_column]\r\n\t<div class=\"fundrize-spacer clearfix\" data-desktop=\"90\" data-mobi=\"60\" data-smobi=\"60\"><\/div>[\/vc_column][\/vc_row][vc_row fullwidth=\u00a0\u00bbyes\u00a0\u00bb full_width=\u00a0\u00bbstretch_row_content_no_spaces\u00a0\u00bb css=\u00a0\u00bb.vc_custom_1609496342316{background-color: #f5f5f5 !important;}\u00a0\u00bb][vc_column width=\u00a0\u00bb1\/2&Prime;]<div class=\"fundrize-content-box clearfix \" data-margin=\"12% 13% 12% 13%\" data-mobimargin=\"7% 7% 7% 7%\">\r\n\t\t<div class=\"inner\" style=\"\">\r\n\t\t\t<div class=\"fundrize-headings clearfix text-right\"  style=\"\"><h2 class=\"heading clearfix\" style=\"margin-bottom:7px;\">\r\n\t\tNotre mission\r\n\t<\/h2><p class=\"sub-heading clearfix\" style=\"font-style:normal;font-size:16px;line-height:32px;margin-bottom:23px;\">\r\n\t\tRenaissance Sri Lanka est une organisation humanitaire non gouvernementale, apolitique, non confessionnelle et \u00e0 but non lucratif qui souhaite soutenir la population sri-lankaise et impulser un changement \u00e9thique au Sri Lanka, afin d'am\u00e9liorer les conditions de vie et le bonheur g\u00e9n\u00e9ral de la population, en harmonie avec l'identit\u00e9, la culture et les valeurs de sa soci\u00e9t\u00e9.\r\n\t<\/p><\/div>\n\r\n\t\t<\/div>\r\n\t<\/div>[\/vc_column][vc_column width=\u00a0\u00bb1\/2&Prime; css=\u00a0\u00bb.vc_custom_1614327953301{background-image: url(https:\/\/www.renasl.org\/wp-content\/uploads\/2021\/02\/who-we-are-1.jpg?id=2805) !important;background-position: center !important;background-repeat: no-repeat !important;background-size: cover !important;}\u00a0\u00bb]\r\n\t<div class=\"fundrize-spacer clearfix\" data-desktop=\"530\" data-mobi=\"300\" data-smobi=\"300\"><\/div>[\/vc_column][\/vc_row][vc_row disable_element=\u00a0\u00bbyes\u00a0\u00bb fullwidth=\u00a0\u00bbyes\u00a0\u00bb full_width=\u00a0\u00bbstretch_row_content_no_spaces\u00a0\u00bb css=\u00a0\u00bb.vc_custom_1614357533533{background-color: #f5f5f5 !important;}\u00a0\u00bb][vc_column width=\u00a0\u00bb1\/2&Prime; css=\u00a0\u00bb.vc_custom_1614327875299{background-image: url(https:\/\/www.renasl.org\/wp-content\/uploads\/2021\/02\/who-we-are-2.jpg?id=2806) !important;background-position: center !important;background-repeat: no-repeat !important;background-size: cover !important;}\u00a0\u00bb]\r\n\t<div class=\"fundrize-spacer clearfix\" data-desktop=\"530\" data-mobi=\"300\" data-smobi=\"300\"><\/div>[\/vc_column][vc_column width=\u00a0\u00bb1\/2&Prime;]<div class=\"fundrize-content-box clearfix \" data-margin=\"12% 13% 12% 13%\" data-mobimargin=\"7% 7% 7% 7%\">\r\n\t\t<div class=\"inner\" style=\"\">\r\n\t\t\t<div class=\"fundrize-headings clearfix \"  style=\"\"><p class=\"sub-heading clearfix\" style=\"font-style:normal;font-size:16px;line-height:32px;margin-bottom:23px;\">\r\n\t\tCaroline Jurie, Mrs World 2020 is our Ambassadress. She shares our pain and as a woman and mother, she knows well why it is important that the development of a country must leave out no one, not the poor, not the women, not the children, in fact not any vulnerable or unfavored group and individual.\r\n\t<\/p><\/div>\n\r\n\t\t<\/div>\r\n\t<\/div>[\/vc_column][\/vc_row][vc_row fullwidth=\u00a0\u00bbyes\u00a0\u00bb full_width=\u00a0\u00bbstretch_row_content_no_spaces\u00a0\u00bb css=\u00a0\u00bb.vc_custom_1609496342316{background-color: #f5f5f5 !important;}\u00a0\u00bb][vc_column width=\u00a0\u00bb1\/2&Prime; css=\u00a0\u00bb.vc_custom_1619888005808{background-image: url(https:\/\/www.renasl.org\/wp-content\/uploads\/2021\/05\/matt-noble-BpTMNN9JSmQ-unsplash.jpg?id=3855) !important;background-position: center !important;background-repeat: no-repeat !important;background-size: cover !important;}\u00a0\u00bb]\r\n\t<div class=\"fundrize-spacer clearfix\" data-desktop=\"530\" data-mobi=\"300\" data-smobi=\"300\"><\/div>[\/vc_column][vc_column width=\u00a0\u00bb1\/2&Prime;]<div class=\"fundrize-content-box clearfix \" data-margin=\"12% 13% 12% 13%\" data-mobimargin=\"7% 7% 7% 7%\">\r\n\t\t<div class=\"inner\" style=\"\">\r\n\t\t\t<div class=\"fundrize-headings clearfix text-right\"  style=\"\"><h2 class=\"heading clearfix\" style=\"margin-bottom:7px;\">\r\n\t\tNotre vision\r\n\t<\/h2><p class=\"sub-heading clearfix\" style=\"font-style:normal;font-size:16px;line-height:32px;margin-bottom:23px;\">\r\n\t\tDonner au Sri Lanka les moyens de relever les plus grands d\u00e9fis de l'avenir : le changement climatique, la d\u00e9gradation de l'environnement, les r\u00e9volutions technologiques, les transformations de la soci\u00e9t\u00e9 et l'adaptation aux dynamiques mondiales changeantes.<\/p>\n<p>Photo \u00a9 Matt Noble\r\n\t<\/p><\/div>\n\r\n\t\t<\/div>\r\n\t<\/div>[\/vc_column][\/vc_row][vc_row fullwidth=\u00a0\u00bbyes\u00a0\u00bb full_width=\u00a0\u00bbstretch_row_content_no_spaces\u00a0\u00bb css=\u00a0\u00bb.vc_custom_1609496342316{background-color: #f5f5f5 !important;}\u00a0\u00bb][vc_column width=\u00a0\u00bb1\/2&Prime;]<div class=\"fundrize-content-box clearfix \" data-margin=\"4% 13% 12% 13%\" data-mobimargin=\"4% 7% 7% 7%\">\r\n\t\t<div class=\"inner\" style=\"\">\r\n\t\t\t<div class=\"fundrize-headings clearfix text-right\"  style=\"\"><h2 class=\"heading clearfix\" style=\"margin-bottom:7px;\">\r\n\t\tMentions l\u00e9gales\r\n\t<\/h2><p class=\"sub-heading clearfix\" style=\"font-style:normal;font-size:16px;line-height:32px;margin-bottom:23px;\">\r\n\t\tRenaissance Sri Lanka est une association fran\u00e7aise \u00e0 but non lucratif, enregistr\u00e9e en France, le 31 d\u00e9cembre 2020, sous le statut d'association loi 1901.<\/p>\n<p>Photo \u00a9Bill Oxford\r\n\t<\/p><\/div>\n\r\n\t\t<\/div>\r\n\t<\/div>[\/vc_column][vc_column width=\u00a0\u00bb1\/2&Prime; css=\u00a0\u00bb.vc_custom_1619888361231{background-image: url(https:\/\/www.renasl.org\/wp-content\/uploads\/2021\/05\/bill-oxford-OXGhu60NwxU-unsplash.jpg?id=3853) !important;background-position: center !important;background-repeat: no-repeat !important;background-size: cover !important;}\u00a0\u00bb]\r\n\t<div class=\"fundrize-spacer clearfix\" data-desktop=\"330\" data-mobi=\"200\" data-smobi=\"200\"><\/div>[\/vc_column][\/vc_row][vc_row][vc_column]\r\n\t<div class=\"fundrize-spacer clearfix\" data-desktop=\"90\" data-mobi=\"60\" data-smobi=\"60\"><\/div>[\/vc_column][\/vc_row]<\/p>\n","protected":false},"excerpt":{"rendered":"<p>[vc_row][vc_column][\/vc_column][\/vc_row][vc_row parallax=\u00a0\u00bbcontent-moving\u00a0\u00bb parallax_speed_bg=\u00a0\u00bb1.1&Prime; full_width=\u00a0\u00bbstretch_row\u00a0\u00bb css=\u00a0\u00bb.vc_custom_1614325196152{background-image: url(https:\/\/www.renasl.org\/wp-content\/uploads\/2021\/02\/who-we-are-banner.jpg?id=2791) !important;background-position: center;background-repeat: no-repeat !important;background-size: cover !important;}\u00a0\u00bb][vc_column][vc_row_inner css=\u00a0\u00bb.vc_custom_1622344375769{padding-top: 1% !important;padding-right: 1% !important;padding-bottom: 1% !important;padding-left: 1% !important;}\u00a0\u00bb][vc_column_inner css=\u00a0\u00bb.vc_custom_1622344393368{border-top-width: 2px !important;border-right-width: 2px !important;border-bottom-width: 2px !important;border-left-width: 2px !important;padding-top: 3% !important;padding-right: 3% !important;padding-bottom: 3% !important;padding-left: 3% !important;background-color: rgba(0,0,0,0.7) !important;*background-color: rgb(0,0,0) !important;border-left-color: #0a0a0a !important;border-left-style: solid !important;border-right-color: #0a0a0a !important;border-right-style: solid !important;border-top-color: #0a0a0a !important;border-top-style: solid !important;border-bottom-color: #0a0a0a&hellip;<\/p>\n","protected":false},"author":1,"featured_media":3053,"parent":3055,"menu_order":0,"comment_status":"closed","ping_status":"closed","template":"","meta":{"footnotes":""},"class_list":["post-3050","page","type-page","status-publish","has-post-thumbnail","hentry"],"_links":{"self":[{"href":"https:\/\/www.renasl.org\/fr\/wp-json\/wp\/v2\/pages\/3050","targetHints":{"allow":["GET"]}}],"collection":[{"href":"https:\/\/www.renasl.org\/fr\/wp-json\/wp\/v2\/pages"}],"about":[{"href":"https:\/\/www.renasl.org\/fr\/wp-json\/wp\/v2\/types\/page"}],"author":[{"embeddable":true,"href":"https:\/\/www.renasl.org\/fr\/wp-json\/wp\/v2\/users\/1"}],"replies":[{"embeddable":true,"href":"https:\/\/www.renasl.org\/fr\/wp-json\/wp\/v2\/comments?post=3050"}],"version-history":[{"count":0,"href":"https:\/\/www.renasl.org\/fr\/wp-json\/wp\/v2\/pages\/3050\/revisions"}],"up":[{"embeddable":true,"href":"https:\/\/www.renasl.org\/fr\/wp-json\/wp\/v2\/pages\/3055"}],"wp:featuredmedia":[{"embeddable":true,"href":"https:\/\/www.renasl.org\/fr\/wp-json\/wp\/v2\/media\/3053"}],"wp:attachment":[{"href":"https:\/\/www.renasl.org\/fr\/wp-json\/wp\/v2\/media?parent=3050"}],"curies":[{"name":"wp","href":"https:\/\/api.w.org\/{rel}","templated":true}]}}